{"id":1317,"date":"2019-09-05T09:24:59","date_gmt":"2019-09-05T07:24:59","guid":{"rendered":"https:\/\/dematteis-paysagiste.com\/?page_id=1317"},"modified":"2023-05-24T19:14:54","modified_gmt":"2023-05-24T17:14:54","slug":"accueil","status":"publish","type":"page","link":"https:\/\/dematteis-paysagiste.com\/en\/","title":{"rendered":"Accueil"},"content":{"rendered":"<p>[vc_row full_width=&#8221;stretch_row_content_no_spaces&#8221;][vc_column]<div class=\"wpbakery-slider wpbakery-slider-layout5 owl-carousel owl-theme\" id=\"wpbakery_ehqmzqexvxgi\">\n                <div class=\"item\" data-position=\"left\" data-has-subtitle=\"1\" data-slide=\"0\">\n        <div class=\"picture\" style=\"background-image: url('https:\/\/dematteis-paysagiste.com\/wp-content\/uploads\/2023\/05\/paysagiste-grasse.jpg');\">\n                      <div class=\"content\">\n              <div class=\"layout\">\n                \n                                  <div class=\"title\">Atelier<\/div>\n                \n                                  <div class=\"subtitle\" data-typed=\"\">\n                                          Brigitte Dematteis                                      <\/div>\n                \n                              <\/div>\n                      <\/div>\n        <\/div>\n      <\/div>\n                    <div class=\"item\" data-position=\"left\" data-has-subtitle=\"1\" data-slide=\"1\">\n        <div class=\"picture\" style=\"background-image: url('https:\/\/dematteis-paysagiste.com\/wp-content\/uploads\/2023\/05\/brigitte-dematteis-grasse.jpg');\">\n                      <div class=\"content\">\n              <div class=\"layout\">\n                \n                                  <div class=\"title\">Atelier<\/div>\n                \n                                  <div class=\"subtitle\" data-typed=\"\">\n                                          Brigitte Dematteis                                      <\/div>\n                \n                              <\/div>\n                      <\/div>\n        <\/div>\n      <\/div>\n                    <div class=\"item\" data-position=\"left\" data-has-subtitle=\"1\" data-slide=\"2\">\n        <div class=\"picture\" style=\"background-image: url('https:\/\/dematteis-paysagiste.com\/wp-content\/uploads\/2023\/05\/brigitte-dematteis-paysagiste-2.jpg');\">\n                      <div class=\"content\">\n              <div class=\"layout\">\n                \n                                  <div class=\"title\">Atelier<\/div>\n                \n                                  <div class=\"subtitle\" data-typed=\"\">\n                                          Brigitte Dematteis                                      <\/div>\n                \n                              <\/div>\n                      <\/div>\n        <\/div>\n      <\/div>\n                          <\/div>[\/vc_column][\/vc_row][vc_row][vc_column]  <div class=\"empty-space empty-space-mobile\" style=\"height: 120px;\"><\/div>\n\n  <div class=\"empty-space empty-space-tablet\" style=\"height: 120px;\"><\/div>\n\n  <div class=\"empty-space empty-space-desktop\" style=\"height: 120px;\"><\/div>\n[vc_row_inner gap=&#8221;35&#8243;][vc_column_inner width=&#8221;1\/2&#8243;][vc_single_image image=&#8221;1060&#8243; img_size=&#8221;large&#8221; alignment=&#8221;right&#8221;][\/vc_column_inner][vc_column_inner width=&#8221;1\/2&#8243;][vc_column_text]<span style=\"font-size: 48px; color: #000000;\">The workshop<strong><br \/>\nBrigitte Dematteis <\/strong>is<\/span><\/p>\n<p>Enter a universe where emotion is the engine of all creation. In the garden, Brigitte Dematteis listens to her emotions to create volumes which themselves will create perspectives. These will make it possible to create the desired atmosphere, always in harmony and in respect with the existing place.<\/p>\n<p>All the art of the Mediterranean garden consists in giving the appearance of obvious simplicity.[\/vc_column_text][vc_btn title=&#8221;About Brigitte&#8221; shape=&#8221;square&#8221; color=&#8221;cc-color1&#8243; size=&#8221;sm&#8221; css_animation=&#8221;none&#8221; link=&#8221;url:https%3A%2F%2Fdematteis-paysagiste.com%2Fen%2Fbrigitte-dematteis%2F|title:Brigitte%20Dematteis&#8221;]  <div class=\"empty-space empty-space-mobile\" style=\"height: 20px;\"><\/div>\n\n  <div class=\"empty-space empty-space-tablet\" style=\"height: 30px;\"><\/div>\n\n  <div class=\"empty-space empty-space-desktop\" style=\"height: 40px;\"><\/div>\n[social_vc_father][social_vc_son margin=&#8221;20&#8243; width=&#8221;20&#8243; height=&#8221;20&#8243; url=&#8221;https:\/\/www.facebook.com\/DematteisPaysagiste\/&#8221; size=&#8221;40&#8243; icon=&#8221;fab fa-facebook-square&#8221; clr=&#8221;#000000&#8243; hoverbg=&#8221;#898989&#8243;][social_vc_son margin=&#8221;20&#8243; width=&#8221;30&#8243; height=&#8221;30&#8243; url=&#8221;https:\/\/www.instagram.com\/dematteisbrigitte\/?hl=fr&#8221; size=&#8221;40&#8243; icon=&#8221;fab fa-instagram&#8221; clr=&#8221;#000000&#8243; hoverbg=&#8221;#898989&#8243;][social_vc_son margin=&#8221;20&#8243; width=&#8221;30&#8243; height=&#8221;30&#8243; url=&#8221;https:\/\/www.linkedin.com\/in\/brigitte-dematteis-958b9782\/&#8221; size=&#8221;40&#8243; icon=&#8221;fab fa-linkedin&#8221; clr=&#8221;#000000&#8243; hoverbg=&#8221;#898989&#8243;][social_vc_son margin=&#8221;20&#8243; width=&#8221;30&#8243; height=&#8221;30&#8243; url=&#8221;https:\/\/www.youtube.com\/channel\/UCrT8iHT9twiUWzzp0BGt0UA&#8221; size=&#8221;40&#8243; icon=&#8221;fab fa-youtube&#8221; clr=&#8221;#000000&#8243; hoverbg=&#8221;#898989&#8243;][\/social_vc_father][\/vc_column_inner][\/vc_row_inner]  <div class=\"empty-space empty-space-mobile\" style=\"height: 120px;\"><\/div>\n\n  <div class=\"empty-space empty-space-tablet\" style=\"height: 120px;\"><\/div>\n\n  <div class=\"empty-space empty-space-desktop\" style=\"height: 120px;\"><\/div>\n[\/vc_column][\/vc_row][vc_row full_width=&#8221;stretch_row&#8221; gap=&#8221;60&#8243; css=&#8221;.vc_custom_1681828185250{background-image: url(https:\/\/dematteis-paysagiste.com\/wp-content\/uploads\/2023\/04\/champ-lavande.jpg?id=225) !important;background-position: center !important;background-repeat: no-repeat !important;background-size: cover !important;}&#8221;][vc_column]  <div class=\"empty-space empty-space-mobile\" style=\"height: 20px;\"><\/div>\n\n  <div class=\"empty-space empty-space-tablet\" style=\"height: 30px;\"><\/div>\n\n  <div class=\"empty-space empty-space-desktop\" style=\"height: 80px;\"><\/div>\n[vc_row_inner][vc_column_inner width=&#8221;1\/4&#8243;][\/vc_column_inner][vc_column_inner width=&#8221;1\/2&#8243; css=&#8221;.vc_custom_1684940634947{background-color: rgba(255,255,255,0.4) !important;*background-color: rgb(255,255,255) !important;}&#8221;][vc_column_text]<\/p>\n<p style=\"text-align: center;\"><strong><span style=\"color: #000000;\"><span style=\"font-size: 24px;\">The BDm workshop meets all expectations&#8230;<\/span><\/span><\/strong><\/p>\n<div class=\"wpb_text_column wpb_content_element vc_custom_1683814557855\" style=\"text-align: center;\">\n<div class=\"wpb_wrapper\">\n<p><span style=\"font-size: 20px; color: #000000;\">Whatever its surface, let&#8217;s draw together your project for your exterior.<\/span><\/p>\n<\/div>\n<\/div>\n<p>[\/vc_column_text][vc_btn title=&#8221;I have a project&#8221; shape=&#8221;square&#8221; color=&#8221;cc-color1&#8243; align=&#8221;center&#8221; link=&#8221;url:https%3A%2F%2Fdematteis-paysagiste.com%2Fen%2Fcarry-out-your-project%2F|title:Carry%20out%20your%20project&#8221;][\/vc_column_inner][vc_column_inner width=&#8221;1\/4&#8243;][\/vc_column_inner][\/vc_row_inner]  <div class=\"empty-space empty-space-mobile\" style=\"height: 20px;\"><\/div>\n\n  <div class=\"empty-space empty-space-tablet\" style=\"height: 30px;\"><\/div>\n\n  <div class=\"empty-space empty-space-desktop\" style=\"height: 80px;\"><\/div>\n[\/vc_column][\/vc_row][vc_row full_width=&#8221;stretch_row&#8221; content_placement=&#8221;middle&#8221; el_class=&#8221;allow-overflow&#8221;][vc_column]  <div class=\"empty-space empty-space-mobile\" style=\"height: 120px;\"><\/div>\n\n  <div class=\"empty-space empty-space-tablet\" style=\"height: 120px;\"><\/div>\n\n  <div class=\"empty-space empty-space-desktop\" style=\"height: 120px;\"><\/div>\n[vc_row_inner equal_height=&#8221;yes&#8221; content_placement=&#8221;middle&#8221;][vc_column_inner width=&#8221;1\/2&#8243;][vc_column_text]<span style=\"font-size: 48px; color: #000000;\">Achievements<br \/>\n<strong>The signature<\/strong><\/span>[\/vc_column_text][vc_single_image image=&#8221;1257&#8243; img_size=&#8221;medium&#8221;][\/vc_column_inner][vc_column_inner width=&#8221;1\/2&#8243;][vc_column_text]Through immersive scenarios, Brigitte invites you to understand your garden, whatever its size. Visualize your future garden via photomontages allowing you to project yourself into the possibilities available to you.[\/vc_column_text][vc_btn title=&#8221;See examples of photomontages&#8221; shape=&#8221;square&#8221; color=&#8221;cc-color1&#8243; size=&#8221;sm&#8221; link=&#8221;url:https%3A%2F%2Fdematteis-paysagiste.com%2Fen%2Fbrigitte-dematteis%2Frealistic-photomontages%2F|title:Avant%20projets%20%E2%80%93%20Des%20photomontages%20r%C3%A9alistes&#8221;][vc_column_text]Discover below some of the 200 garden development projects carried out in the Alpes-Maritimes by Brigitte Dematteis. From the hinterland of Grasse to Mont Boron in Nice via Vence, she applies her poetry and philosophy to the creation of landscaped gardens while adapting to the constraints imposed by the location. Brigitte Dematteis creates Mediterranean gardens in Grasse, Antibes, Nice, Cannes, Menton, Monaco&#8230;[\/vc_column_text][\/vc_column_inner][\/vc_row_inner][\/vc_column][\/vc_row][vc_row full_width=&#8221;stretch_row_content&#8221; content_placement=&#8221;middle&#8221; el_class=&#8221;allow-overflow&#8221;][vc_column]  <div class=\"empty-space empty-space-mobile\" style=\"height: 50px;\"><\/div>\n\n  <div class=\"empty-space empty-space-tablet\" style=\"height: 50px;\"><\/div>\n\n  <div class=\"empty-space empty-space-desktop\" style=\"height: 50px;\"><\/div>\n  <div class=\"wpbakery-portfolio wpbakery-portfolio-layout10\" data-items-row=\"3\">\n    \n          <div class=\"portfolio-container\">\n      \t                    <div class=\"item\">\n            <div class=\"item-container\">\n              <a href=\"https:\/\/dematteis-paysagiste.com\/en\/portfolio\/large-gardens-layout\/landscaper-golf\/\">\n                <div class=\"picture\" style=\"background-image: url('https:\/\/dematteis-paysagiste.com\/wp-content\/uploads\/2023\/04\/paysagiste-terre-blanche.jpg');\">\n                  <div class=\"info\">Domaine Terre Blanche in Var<\/div>\n                  <div class=\"more\"><i class=\"fa fa-search\" aria-hidden=\"true\"><\/i><\/div>\n                <\/div>\n              <\/a>\n            <\/div>\n          <\/div>\n                                      <div class=\"item\">\n            <div class=\"item-container\">\n              <a href=\"https:\/\/dematteis-paysagiste.com\/en\/portfolio\/terrace-layout\/cannes-terrace-layout\/\">\n                <div class=\"picture\" style=\"background-image: url('https:\/\/dematteis-paysagiste.com\/wp-content\/uploads\/2023\/04\/amenagement-terrasse-cannes-3-scaled.jpg');\">\n                  <div class=\"info\">Cannes terrace layout<\/div>\n                  <div class=\"more\"><i class=\"fa fa-search\" aria-hidden=\"true\"><\/i><\/div>\n                <\/div>\n              <\/a>\n            <\/div>\n          <\/div>\n                                      <div class=\"item\">\n            <div class=\"item-container\">\n              <a href=\"https:\/\/dematteis-paysagiste.com\/en\/portfolio\/large-gardens-layout\/landscaping-large-garden-fayence\/\">\n                <div class=\"picture\" style=\"background-image: url('https:\/\/dematteis-paysagiste.com\/wp-content\/uploads\/2023\/04\/amenagement-jardin-fayence-5.jpg');\">\n                  <div class=\"info\">Landscaping large garden in Fayence<\/div>\n                  <div class=\"more\"><i class=\"fa fa-search\" aria-hidden=\"true\"><\/i><\/div>\n                <\/div>\n              <\/a>\n            <\/div>\n          <\/div>\n                                      <div class=\"item\">\n            <div class=\"item-container\">\n              <a href=\"https:\/\/dematteis-paysagiste.com\/en\/portfolio\/large-gardens-layout\/provencal-garden-layout\/\">\n                <div class=\"picture\" style=\"background-image: url('https:\/\/dematteis-paysagiste.com\/wp-content\/uploads\/2023\/04\/amenagement-jardin-provencal-4.jpg');\">\n                  <div class=\"info\">Provencal garden layout on the French Riviera<\/div>\n                  <div class=\"more\"><i class=\"fa fa-search\" aria-hidden=\"true\"><\/i><\/div>\n                <\/div>\n              <\/a>\n            <\/div>\n          <\/div>\n                                      <div class=\"item\">\n            <div class=\"item-container\">\n              <a href=\"https:\/\/dematteis-paysagiste.com\/en\/portfolio\/large-gardens-layout\/exceptional-garden-grasse\/\">\n                <div class=\"picture\" style=\"background-image: url('https:\/\/dematteis-paysagiste.com\/wp-content\/uploads\/2023\/04\/paysagiste-grasse.jpg');\">\n                  <div class=\"info\">Exceptional garden in the hinterland of Grasse<\/div>\n                  <div class=\"more\"><i class=\"fa fa-search\" aria-hidden=\"true\"><\/i><\/div>\n                <\/div>\n              <\/a>\n            <\/div>\n          <\/div>\n                                      <div class=\"item\">\n            <div class=\"item-container\">\n              <a href=\"https:\/\/dematteis-paysagiste.com\/en\/portfolio\/large-gardens-layout\/landscaping-old-farmhouse-fayence\/\">\n                <div class=\"picture\" style=\"background-image: url('https:\/\/dematteis-paysagiste.com\/wp-content\/uploads\/2023\/04\/paysagiste-fayence.jpg');\">\n                  <div class=\"info\">Landscaping of an old farmhouse in Fayence<\/div>\n                  <div class=\"more\"><i class=\"fa fa-search\" aria-hidden=\"true\"><\/i><\/div>\n                <\/div>\n              <\/a>\n            <\/div>\n          <\/div>\n                        <\/div>\n\n            <\/div>\n  <div class=\"empty-space empty-space-mobile\" style=\"height: 50px;\"><\/div>\n\n  <div class=\"empty-space empty-space-tablet\" style=\"height: 50px;\"><\/div>\n\n  <div class=\"empty-space empty-space-desktop\" style=\"height: 50px;\"><\/div>\n[vc_btn title=&#8221;See other achievements&#8221; shape=&#8221;square&#8221; color=&#8221;cc-color1&#8243; align=&#8221;center&#8221; link=&#8221;url:https%3A%2F%2Fdematteis-paysagiste.com%2Fen%2Fachievements%2F|title:R%C3%A9alisations&#8221;]  <div class=\"empty-space empty-space-mobile\" style=\"height: 120px;\"><\/div>\n\n  <div class=\"empty-space empty-space-tablet\" style=\"height: 120px;\"><\/div>\n\n  <div class=\"empty-space empty-space-desktop\" style=\"height: 120px;\"><\/div>\n[\/vc_column][\/vc_row]<\/p>\n","protected":false},"excerpt":{"rendered":"<p>[vc_row full_width=&#8221;stretch_row_content_no_spaces&#8221;][vc_column][\/vc_column][\/vc_row][vc_row][vc_column][vc_row_inner gap=&#8221;35&#8243;][vc_column_inner width=&#8221;1\/2&#8243;][vc_single_image image=&#8221;1060&#8243; img_size=&#8221;large&#8221; alignment=&#8221;right&#8221;][\/vc_column_inner][vc_column_inner width=&#8221;1\/2&#8243;][vc_column_text]The workshop Brigitte Dematteis is Enter a universe where emotion is the engine [&hellip;]<\/p>\n","protected":false},"author":18,"featured_media":0,"parent":0,"menu_order":0,"comment_status":"closed","ping_status":"closed","template":"","meta":{"footnotes":""},"class_list":["post-1317","page","type-page","status-publish","hentry"],"yoast_head":"<!-- This site is optimized with the Yoast SEO plugin v27.3 - https:\/\/yoast.com\/product\/yoast-seo-wordpress\/ -->\n<title>Atelier Brigitte Dematteis - Paysagiste \u00e0 Grasse dans les Alpes-Maritimes<\/title>\n<meta name=\"description\" content=\"L&#039;atelier Brigitte Dematteis, paysagiste \u00e0 Grasse dans les Alpes-Maritimes, vous accompagne pour am\u00e9nager votre jardin.\" \/>\n<meta name=\"robots\" content=\"index, follow, max-snippet:-1, max-image-preview:large, max-video-preview:-1\" \/>\n<link rel=\"canonical\" href=\"https:\/\/dematteis-paysagiste.com\/en\/\" \/>\n<meta property=\"og:locale\" content=\"en_US\" \/>\n<meta property=\"og:type\" content=\"article\" \/>\n<meta property=\"og:title\" content=\"Atelier Brigitte Dematteis - Paysagiste \u00e0 Grasse dans les Alpes-Maritimes\" \/>\n<meta property=\"og:description\" content=\"L&#039;atelier Brigitte Dematteis, paysagiste \u00e0 Grasse dans les Alpes-Maritimes, vous accompagne pour am\u00e9nager votre jardin.\" \/>\n<meta property=\"og:url\" content=\"https:\/\/dematteis-paysagiste.com\/en\/\" \/>\n<meta property=\"og:site_name\" content=\"Brigitte Dematteis\" \/>\n<meta property=\"article:modified_time\" content=\"2023-05-24T17:14:54+00:00\" \/>\n<meta name=\"twitter:card\" content=\"summary_large_image\" \/>\n<meta name=\"twitter:label1\" content=\"Est. reading time\" \/>\n\t<meta name=\"twitter:data1\" content=\"2 minutes\" \/>\n<script type=\"application\/ld+json\" class=\"yoast-schema-graph\">{\"@context\":\"https:\\\/\\\/schema.org\",\"@graph\":[{\"@type\":\"WebPage\",\"@id\":\"https:\\\/\\\/dematteis-paysagiste.com\\\/en\\\/\",\"url\":\"https:\\\/\\\/dematteis-paysagiste.com\\\/en\\\/\",\"name\":\"Atelier Brigitte Dematteis - Paysagiste \u00e0 Grasse dans les Alpes-Maritimes\",\"isPartOf\":{\"@id\":\"https:\\\/\\\/dematteis-paysagiste.com\\\/en\\\/#website\"},\"datePublished\":\"2019-09-05T07:24:59+00:00\",\"dateModified\":\"2023-05-24T17:14:54+00:00\",\"description\":\"L'atelier Brigitte Dematteis, paysagiste \u00e0 Grasse dans les Alpes-Maritimes, vous accompagne pour am\u00e9nager votre jardin.\",\"breadcrumb\":{\"@id\":\"https:\\\/\\\/dematteis-paysagiste.com\\\/en\\\/#breadcrumb\"},\"inLanguage\":\"en-US\",\"potentialAction\":[{\"@type\":\"ReadAction\",\"target\":[\"https:\\\/\\\/dematteis-paysagiste.com\\\/en\\\/\"]}]},{\"@type\":\"BreadcrumbList\",\"@id\":\"https:\\\/\\\/dematteis-paysagiste.com\\\/en\\\/#breadcrumb\",\"itemListElement\":[{\"@type\":\"ListItem\",\"position\":1,\"name\":\"Accueil\",\"item\":\"https:\\\/\\\/dematteis-paysagiste.com\\\/en\\\/\"},{\"@type\":\"ListItem\",\"position\":2,\"name\":\"R\u00e9alisations\",\"item\":\"https:\\\/\\\/dematteis-paysagiste.com\\\/fr\\\/realisations-projets-paysagiste\\\/\"}]},{\"@type\":\"WebSite\",\"@id\":\"https:\\\/\\\/dematteis-paysagiste.com\\\/en\\\/#website\",\"url\":\"https:\\\/\\\/dematteis-paysagiste.com\\\/en\\\/\",\"name\":\"Brigitte Dematteis\",\"description\":\"\",\"potentialAction\":[{\"@type\":\"SearchAction\",\"target\":{\"@type\":\"EntryPoint\",\"urlTemplate\":\"https:\\\/\\\/dematteis-paysagiste.com\\\/en\\\/?s={search_term_string}\"},\"query-input\":{\"@type\":\"PropertyValueSpecification\",\"valueRequired\":true,\"valueName\":\"search_term_string\"}}],\"inLanguage\":\"en-US\"}]}<\/script>\n<!-- \/ Yoast SEO plugin. -->","yoast_head_json":{"title":"Atelier Brigitte Dematteis - Paysagiste \u00e0 Grasse dans les Alpes-Maritimes","description":"L'atelier Brigitte Dematteis, paysagiste \u00e0 Grasse dans les Alpes-Maritimes, vous accompagne pour am\u00e9nager votre jardin.","robots":{"index":"index","follow":"follow","max-snippet":"max-snippet:-1","max-image-preview":"max-image-preview:large","max-video-preview":"max-video-preview:-1"},"canonical":"https:\/\/dematteis-paysagiste.com\/en\/","og_locale":"en_US","og_type":"article","og_title":"Atelier Brigitte Dematteis - Paysagiste \u00e0 Grasse dans les Alpes-Maritimes","og_description":"L'atelier Brigitte Dematteis, paysagiste \u00e0 Grasse dans les Alpes-Maritimes, vous accompagne pour am\u00e9nager votre jardin.","og_url":"https:\/\/dematteis-paysagiste.com\/en\/","og_site_name":"Brigitte Dematteis","article_modified_time":"2023-05-24T17:14:54+00:00","twitter_card":"summary_large_image","twitter_misc":{"Est. reading time":"2 minutes"},"schema":{"@context":"https:\/\/schema.org","@graph":[{"@type":"WebPage","@id":"https:\/\/dematteis-paysagiste.com\/en\/","url":"https:\/\/dematteis-paysagiste.com\/en\/","name":"Atelier Brigitte Dematteis - Paysagiste \u00e0 Grasse dans les Alpes-Maritimes","isPartOf":{"@id":"https:\/\/dematteis-paysagiste.com\/en\/#website"},"datePublished":"2019-09-05T07:24:59+00:00","dateModified":"2023-05-24T17:14:54+00:00","description":"L'atelier Brigitte Dematteis, paysagiste \u00e0 Grasse dans les Alpes-Maritimes, vous accompagne pour am\u00e9nager votre jardin.","breadcrumb":{"@id":"https:\/\/dematteis-paysagiste.com\/en\/#breadcrumb"},"inLanguage":"en-US","potentialAction":[{"@type":"ReadAction","target":["https:\/\/dematteis-paysagiste.com\/en\/"]}]},{"@type":"BreadcrumbList","@id":"https:\/\/dematteis-paysagiste.com\/en\/#breadcrumb","itemListElement":[{"@type":"ListItem","position":1,"name":"Accueil","item":"https:\/\/dematteis-paysagiste.com\/en\/"},{"@type":"ListItem","position":2,"name":"R\u00e9alisations","item":"https:\/\/dematteis-paysagiste.com\/fr\/realisations-projets-paysagiste\/"}]},{"@type":"WebSite","@id":"https:\/\/dematteis-paysagiste.com\/en\/#website","url":"https:\/\/dematteis-paysagiste.com\/en\/","name":"Brigitte Dematteis","description":"","potentialAction":[{"@type":"SearchAction","target":{"@type":"EntryPoint","urlTemplate":"https:\/\/dematteis-paysagiste.com\/en\/?s={search_term_string}"},"query-input":{"@type":"PropertyValueSpecification","valueRequired":true,"valueName":"search_term_string"}}],"inLanguage":"en-US"}]}},"_links":{"self":[{"href":"https:\/\/dematteis-paysagiste.com\/en\/wp-json\/wp\/v2\/pages\/1317","targetHints":{"allow":["GET"]}}],"collection":[{"href":"https:\/\/dematteis-paysagiste.com\/en\/wp-json\/wp\/v2\/pages"}],"about":[{"href":"https:\/\/dematteis-paysagiste.com\/en\/wp-json\/wp\/v2\/types\/page"}],"author":[{"embeddable":true,"href":"https:\/\/dematteis-paysagiste.com\/en\/wp-json\/wp\/v2\/users\/18"}],"replies":[{"embeddable":true,"href":"https:\/\/dematteis-paysagiste.com\/en\/wp-json\/wp\/v2\/comments?post=1317"}],"version-history":[{"count":9,"href":"https:\/\/dematteis-paysagiste.com\/en\/wp-json\/wp\/v2\/pages\/1317\/revisions"}],"predecessor-version":[{"id":1544,"href":"https:\/\/dematteis-paysagiste.com\/en\/wp-json\/wp\/v2\/pages\/1317\/revisions\/1544"}],"wp:attachment":[{"href":"https:\/\/dematteis-paysagiste.com\/en\/wp-json\/wp\/v2\/media?parent=1317"}],"curies":[{"name":"wp","href":"https:\/\/api.w.org\/{rel}","templated":true}]}}