{"id":1090,"date":"2023-05-01T15:18:14","date_gmt":"2023-05-01T13:18:14","guid":{"rendered":"https:\/\/dematteis-paysagiste.com\/?page_id=1090"},"modified":"2026-03-11T16:33:31","modified_gmt":"2026-03-11T15:33:31","slug":"avant-projets-des-photomontages-realistes","status":"publish","type":"page","link":"https:\/\/dematteis-paysagiste.com\/fr\/brigitte-dematteis\/avant-projets-des-photomontages-realistes\/","title":{"rendered":"Avant projets &#8211; Des photomontages r\u00e9alistes"},"content":{"rendered":"<p>[vc_row][vc_column][vc_column_text]<span style=\"color: #000000;\"><strong><span style=\"font-size: 32px;\">Des photomontages<\/span><\/strong><\/span><br \/>\n<span style=\"color: #000000;\">pour visualiser votre futur espace<\/span>[\/vc_column_text][\/vc_column][\/vc_row][vc_row][vc_column][vc_column_text]<strong>L\u2019objectif est que le client \u00a0\u00bb comprenne \u00a0\u00bb son jardin.<\/strong><\/p>\n<p>Que le jardin soit petit ou grand, modeste ou d\u2019exception, le client a toujours les m\u00eames doutes et lorsque je lui pr\u00e9sente mes propositions, ma question est toujours la m\u00eame : \u00a0\u00bb que pr\u00e9f\u00e9rez-vous ? \u00ab\u00a0.<\/p>\n<p>En effet, je ne leur demande pas de se projeter, de visualiser mes dessins \u00e0 la main, je leur demande de regarder les diff\u00e9rentes possibilit\u00e9s offertes par les photomontages propos\u00e9s\u2026<\/p>\n<p>Qu\u2019il s\u2019agisse d\u2019une piscine, d\u2019un bassin, d\u2019une entr\u00e9e, d\u2019un portail, d\u2019un escalier, du d\u2019un jardin, ma question reste la m\u00eame : \u00a0\u00bb que pr\u00e9f\u00e9rez-vous ? \u00ab\u00a0.<\/p>\n<p>J\u2019ai pour habitude de dire qu\u2019un jour j\u2019ai d\u00e9couvert que l\u2019ombre et la lumi\u00e8re \u00e9taient indissociables\u2026et depuis, je cr\u00e9e des jardins.<\/p>\n<p>La lumi\u00e8re est le plus simple et le plus complexe appareil qui soit. Elle structure l\u2019espace. La lumi\u00e8re est vivante, elle cr\u00e9e sans cesse, on ne la voit que lorsqu\u2019elle est r\u00e9fl\u00e9chie par quelque chose \u2026.et c\u2019est \u00e7a qui est magique !<\/p>\n<p>Cette mani\u00e8re de travailler la repr\u00e9sentation du futur projet avec l\u2019ombre et la lumi\u00e8re me permet de pr\u00e9senter des vues r\u00e9alistes.<\/p>\n<p><strong>Il ne s\u2019agit pas de 3D mais de photomontage !<\/strong><\/p>\n<p>C\u2019est gr\u00e2ce \u00e0 une propri\u00e9t\u00e9 de 18 ha surplombant le golfe de St Tropez que j\u2019ai \u00e9t\u00e9 amen\u00e9e \u00e0 proposer cette nouvelle mani\u00e8re de \u00a0\u00bb comprendre \u00a0\u00bb le jardin. Des repr\u00e9sentations graphiques que je pr\u00e9sente dans mon deuxi\u00e8me livre intitul\u00e9 \u00a0\u00bb <a href=\"https:\/\/dematteis-paysagiste.com\/fr\/actualites\/livres\/de-lart-a-larchitecture-du-jardin\/\">de l\u2019art \u00e0 l\u2019architecture du jardin<\/a> \u00ab\u00a0.[\/vc_column_text][\/vc_column][\/vc_row][vc_row][vc_column width=\u00a0\u00bb2\/3\u00a0\u00bb]  <div class=\"empty-space empty-space-mobile\" style=\"height: 20px;\"><\/div>\n\n  <div class=\"empty-space empty-space-tablet\" style=\"height: 30px;\"><\/div>\n\n  <div class=\"empty-space empty-space-desktop\" style=\"height: 80px;\"><\/div>\n[vc_column_text]<em><span style=\"font-size: 20px;\">Un chocolatier de renom a parl\u00e9 de l\u2019\u00e9quilibre des go\u00fbts, la paysagiste que je suis d\u00e9crit l\u2019\u00e9quilibre des formes\u2026 et c\u2019est le m\u00eame langage.<\/span><\/em><\/p>\n<p>[\/vc_column_text][\/vc_column][vc_column width=\u00a0\u00bb1\/3&Prime;][vc_single_image image=\u00a0\u00bb330&Prime; img_size=\u00a0\u00bblarge\u00a0\u00bb][\/vc_column][\/vc_row][vc_row][vc_column width=\u00a0\u00bb1\/2&Prime;][vc_single_image image=\u00a0\u00bb1102&Prime; img_size=\u00a0\u00bblarge\u00a0\u00bb][\/vc_column][vc_column width=\u00a0\u00bb1\/2&Prime;][vc_single_image image=\u00a0\u00bb2092&Prime; img_size=\u00a0\u00bblarge\u00a0\u00bb][\/vc_column][\/vc_row][vc_row][vc_column][vc_column_text]<strong>Entr\u00e9e Antibes<\/strong><br \/>\nLes clients souhaitaient une entr\u00e9e directement sur la gauche afin de d\u00e9truire cette vilaine entr\u00e9e goudronn\u00e9e sur laquelle se garaient souvent les voitures de leurs amis. Ils avaient besoin de comprendre comment, je pouvais traiter leur demande. \u00c9videmment plusieurs projets ont \u00e9t\u00e9 fournis.[\/vc_column_text]  <div class=\"empty-space empty-space-mobile\" style=\"height: 20px;\"><\/div>\n\n  <div class=\"empty-space empty-space-tablet\" style=\"height: 30px;\"><\/div>\n\n  <div class=\"empty-space empty-space-desktop\" style=\"height: 40px;\"><\/div>\n[\/vc_column][\/vc_row][vc_row][vc_column width=\u00a0\u00bb1\/2&Prime;][vc_single_image image=\u00a0\u00bb1106&Prime; img_size=\u00a0\u00bblarge\u00a0\u00bb][\/vc_column][vc_column width=\u00a0\u00bb1\/2&Prime;][vc_single_image image=\u00a0\u00bb2095&Prime; img_size=\u00a0\u00bblarge\u00a0\u00bb][\/vc_column][\/vc_row][vc_row][vc_column][vc_column_text]<strong>Escaliers Nice<\/strong>[\/vc_column_text]  <div class=\"empty-space empty-space-mobile\" style=\"height: 20px;\"><\/div>\n\n  <div class=\"empty-space empty-space-tablet\" style=\"height: 30px;\"><\/div>\n\n  <div class=\"empty-space empty-space-desktop\" style=\"height: 40px;\"><\/div>\n[\/vc_column][\/vc_row][vc_row][vc_column width=\u00a0\u00bb1\/2&Prime;][vc_single_image image=\u00a0\u00bb1111&Prime; img_size=\u00a0\u00bblarge\u00a0\u00bb][\/vc_column][vc_column width=\u00a0\u00bb1\/2&Prime;][vc_single_image image=\u00a0\u00bb2097&Prime; img_size=\u00a0\u00bblarge\u00a0\u00bb][\/vc_column][\/vc_row][vc_row][vc_column][vc_column_text]<strong>Jardin de ville<\/strong><br \/>\nLe client souhaitait un espace revisit\u00e9 en diff\u00e9rents murets qui invitent \u00e0 la promenade.[\/vc_column_text]  <div class=\"empty-space empty-space-mobile\" style=\"height: 20px;\"><\/div>\n\n  <div class=\"empty-space empty-space-tablet\" style=\"height: 30px;\"><\/div>\n\n  <div class=\"empty-space empty-space-desktop\" style=\"height: 40px;\"><\/div>\n[\/vc_column][\/vc_row][vc_row][vc_column width=\u00a0\u00bb1\/2&Prime;][vc_single_image image=\u00a0\u00bb1116&Prime; img_size=\u00a0\u00bblarge\u00a0\u00bb][\/vc_column][vc_column width=\u00a0\u00bb1\/2&Prime;][vc_single_image image=\u00a0\u00bb2099&Prime; img_size=\u00a0\u00bblarge\u00a0\u00bb][\/vc_column][\/vc_row][vc_row][vc_column][vc_column_text]<strong>Piscine Cannes<\/strong><br \/>\nLe souhait de la ma\u00eetresse des lieux : avoir une piscine qui fasse partie int\u00e9grante de la maison et de ce fait, pouvoir la placer sur un m\u00eame plan.[\/vc_column_text]  <div class=\"empty-space empty-space-mobile\" style=\"height: 20px;\"><\/div>\n\n  <div class=\"empty-space empty-space-tablet\" style=\"height: 30px;\"><\/div>\n\n  <div class=\"empty-space empty-space-desktop\" style=\"height: 40px;\"><\/div>\n[\/vc_column][\/vc_row][vc_row][vc_column width=\u00a0\u00bb1\/2&Prime;][vc_single_image image=\u00a0\u00bb1121&Prime; img_size=\u00a0\u00bblarge\u00a0\u00bb][\/vc_column][vc_column width=\u00a0\u00bb1\/2&Prime;][vc_single_image image=\u00a0\u00bb2101&Prime; img_size=\u00a0\u00bblarge\u00a0\u00bb][\/vc_column][\/vc_row][vc_row][vc_column][vc_column_text]<strong>Piscine Saint Rapha\u00ebl<\/strong><br \/>\nProposition d\u2019une int\u00e9gration de piscine \u00e0 St Rapha\u00ebl.[\/vc_column_text]  <div class=\"empty-space empty-space-mobile\" style=\"height: 20px;\"><\/div>\n\n  <div class=\"empty-space empty-space-tablet\" style=\"height: 30px;\"><\/div>\n\n  <div class=\"empty-space empty-space-desktop\" style=\"height: 40px;\"><\/div>\n[\/vc_column][\/vc_row][vc_row][vc_column width=\u00a0\u00bb1\/2&Prime;][vc_single_image image=\u00a0\u00bb1126&Prime; img_size=\u00a0\u00bblarge\u00a0\u00bb][\/vc_column][vc_column width=\u00a0\u00bb1\/2&Prime;][vc_single_image image=\u00a0\u00bb2103&Prime; img_size=\u00a0\u00bblarge\u00a0\u00bb][\/vc_column][\/vc_row][vc_row][vc_column][vc_column_text]<strong>Spa<\/strong><br \/>\nUn ext\u00e9rieur pour un espace SPA en harmonie avec un int\u00e9rieur zen de tr\u00e8s belle facture.[\/vc_column_text]  <div class=\"empty-space empty-space-mobile\" style=\"height: 20px;\"><\/div>\n\n  <div class=\"empty-space empty-space-tablet\" style=\"height: 30px;\"><\/div>\n\n  <div class=\"empty-space empty-space-desktop\" style=\"height: 40px;\"><\/div>\n[\/vc_column][\/vc_row]<\/p>\n<p>L\u2019instant devient pr\u00e9cieux : <a href='https:\/\/ra1.fr'>https:\/\/ra1.fr\/<\/a> arrive port\u00e9 par des bonus qui \u00e9largissent vos possibilit\u00e9s. Le charme des traditions renforce l\u2019envie de continuer, et jouez avec l\u2019assurance de ceux qui montent en puissance. Lancez https:\/\/ra1.fr\/ pendant que l\u2019opportunit\u00e9 reste ouverte.<\/p>\n","protected":false},"excerpt":{"rendered":"<p>[vc_row][vc_column][vc_column_text]Des photomontages pour visualiser votre futur espace[\/vc_column_text][\/vc_column][\/vc_row][vc_row][vc_column][vc_column_text]L\u2019objectif est que le client \u00a0\u00bb comprenne \u00a0\u00bb son jardin. Que le jardin soit [&hellip;]<\/p>\n","protected":false},"author":18,"featured_media":1091,"parent":19,"menu_order":0,"comment_status":"closed","ping_status":"closed","template":"","meta":{"footnotes":""},"class_list":["post-1090","page","type-page","status-publish","has-post-thumbnail","hentry"],"yoast_head":"<!-- This site is optimized with the Yoast SEO plugin v27.3 - https:\/\/yoast.com\/product\/yoast-seo-wordpress\/ -->\n<title>Avant projets - Des photomontages r\u00e9alistes - Brigitte Dematteis<\/title>\n<meta name=\"description\" content=\"D\u00e9couvrez la technique du photomontage utilis\u00e9e par Brigitte Dematteis. Elle permet \u00e0 ses clients de visualiser leur futur jardin en comparant l&#039;avant et l&#039;apr\u00e8s.\" \/>\n<meta name=\"robots\" content=\"index, follow, max-snippet:-1, max-image-preview:large, max-video-preview:-1\" \/>\n<link rel=\"canonical\" href=\"https:\/\/dematteis-paysagiste.com\/fr\/brigitte-dematteis\/avant-projets-des-photomontages-realistes\/\" \/>\n<meta property=\"og:locale\" content=\"fr_FR\" \/>\n<meta property=\"og:type\" content=\"article\" \/>\n<meta property=\"og:title\" content=\"Avant projets - Des photomontages r\u00e9alistes - Brigitte Dematteis\" \/>\n<meta property=\"og:description\" content=\"D\u00e9couvrez la technique du photomontage utilis\u00e9e par Brigitte Dematteis. Elle permet \u00e0 ses clients de visualiser leur futur jardin en comparant l&#039;avant et l&#039;apr\u00e8s.\" \/>\n<meta property=\"og:url\" content=\"https:\/\/dematteis-paysagiste.com\/fr\/brigitte-dematteis\/avant-projets-des-photomontages-realistes\/\" \/>\n<meta property=\"og:site_name\" content=\"Brigitte Dematteis\" \/>\n<meta property=\"article:modified_time\" content=\"2026-03-11T15:33:31+00:00\" \/>\n<meta property=\"og:image\" content=\"https:\/\/dematteis-paysagiste.com\/wp-content\/uploads\/2023\/05\/photo-de-presentation.jpg\" \/>\n\t<meta property=\"og:image:width\" content=\"1200\" \/>\n\t<meta property=\"og:image:height\" content=\"655\" \/>\n\t<meta property=\"og:image:type\" content=\"image\/jpeg\" \/>\n<meta name=\"twitter:card\" content=\"summary_large_image\" \/>\n<meta name=\"twitter:label1\" content=\"Dur\u00e9e de lecture estim\u00e9e\" \/>\n\t<meta name=\"twitter:data1\" content=\"2 minutes\" \/>\n<script type=\"application\/ld+json\" class=\"yoast-schema-graph\">{\"@context\":\"https:\\\/\\\/schema.org\",\"@graph\":[{\"@type\":\"WebPage\",\"@id\":\"https:\\\/\\\/dematteis-paysagiste.com\\\/fr\\\/brigitte-dematteis\\\/avant-projets-des-photomontages-realistes\\\/\",\"url\":\"https:\\\/\\\/dematteis-paysagiste.com\\\/fr\\\/brigitte-dematteis\\\/avant-projets-des-photomontages-realistes\\\/\",\"name\":\"Avant projets - Des photomontages r\u00e9alistes - Brigitte Dematteis\",\"isPartOf\":{\"@id\":\"https:\\\/\\\/dematteis-paysagiste.com\\\/fr\\\/#website\"},\"primaryImageOfPage\":{\"@id\":\"https:\\\/\\\/dematteis-paysagiste.com\\\/fr\\\/brigitte-dematteis\\\/avant-projets-des-photomontages-realistes\\\/#primaryimage\"},\"image\":{\"@id\":\"https:\\\/\\\/dematteis-paysagiste.com\\\/fr\\\/brigitte-dematteis\\\/avant-projets-des-photomontages-realistes\\\/#primaryimage\"},\"thumbnailUrl\":\"https:\\\/\\\/dematteis-paysagiste.com\\\/wp-content\\\/uploads\\\/2023\\\/05\\\/photo-de-presentation.jpg\",\"datePublished\":\"2023-05-01T13:18:14+00:00\",\"dateModified\":\"2026-03-11T15:33:31+00:00\",\"description\":\"D\u00e9couvrez la technique du photomontage utilis\u00e9e par Brigitte Dematteis. Elle permet \u00e0 ses clients de visualiser leur futur jardin en comparant l'avant et l'apr\u00e8s.\",\"breadcrumb\":{\"@id\":\"https:\\\/\\\/dematteis-paysagiste.com\\\/fr\\\/brigitte-dematteis\\\/avant-projets-des-photomontages-realistes\\\/#breadcrumb\"},\"inLanguage\":\"fr-FR\",\"potentialAction\":[{\"@type\":\"ReadAction\",\"target\":[\"https:\\\/\\\/dematteis-paysagiste.com\\\/fr\\\/brigitte-dematteis\\\/avant-projets-des-photomontages-realistes\\\/\"]}]},{\"@type\":\"ImageObject\",\"inLanguage\":\"fr-FR\",\"@id\":\"https:\\\/\\\/dematteis-paysagiste.com\\\/fr\\\/brigitte-dematteis\\\/avant-projets-des-photomontages-realistes\\\/#primaryimage\",\"url\":\"https:\\\/\\\/dematteis-paysagiste.com\\\/wp-content\\\/uploads\\\/2023\\\/05\\\/photo-de-presentation.jpg\",\"contentUrl\":\"https:\\\/\\\/dematteis-paysagiste.com\\\/wp-content\\\/uploads\\\/2023\\\/05\\\/photo-de-presentation.jpg\",\"width\":1200,\"height\":655},{\"@type\":\"BreadcrumbList\",\"@id\":\"https:\\\/\\\/dematteis-paysagiste.com\\\/fr\\\/brigitte-dematteis\\\/avant-projets-des-photomontages-realistes\\\/#breadcrumb\",\"itemListElement\":[{\"@type\":\"ListItem\",\"position\":1,\"name\":\"Brigitte Dematteis\",\"item\":\"https:\\\/\\\/dematteis-paysagiste.com\\\/fr\\\/brigitte-dematteis\\\/\"},{\"@type\":\"ListItem\",\"position\":2,\"name\":\"Avant projets &#8211; Des photomontages r\u00e9alistes\"}]},{\"@type\":\"WebSite\",\"@id\":\"https:\\\/\\\/dematteis-paysagiste.com\\\/fr\\\/#website\",\"url\":\"https:\\\/\\\/dematteis-paysagiste.com\\\/fr\\\/\",\"name\":\"Brigitte Dematteis\",\"description\":\"\",\"potentialAction\":[{\"@type\":\"SearchAction\",\"target\":{\"@type\":\"EntryPoint\",\"urlTemplate\":\"https:\\\/\\\/dematteis-paysagiste.com\\\/fr\\\/?s={search_term_string}\"},\"query-input\":{\"@type\":\"PropertyValueSpecification\",\"valueRequired\":true,\"valueName\":\"search_term_string\"}}],\"inLanguage\":\"fr-FR\"}]}<\/script>\n<!-- \/ Yoast SEO plugin. -->","yoast_head_json":{"title":"Avant projets - Des photomontages r\u00e9alistes - Brigitte Dematteis","description":"D\u00e9couvrez la technique du photomontage utilis\u00e9e par Brigitte Dematteis. Elle permet \u00e0 ses clients de visualiser leur futur jardin en comparant l'avant et l'apr\u00e8s.","robots":{"index":"index","follow":"follow","max-snippet":"max-snippet:-1","max-image-preview":"max-image-preview:large","max-video-preview":"max-video-preview:-1"},"canonical":"https:\/\/dematteis-paysagiste.com\/fr\/brigitte-dematteis\/avant-projets-des-photomontages-realistes\/","og_locale":"fr_FR","og_type":"article","og_title":"Avant projets - Des photomontages r\u00e9alistes - Brigitte Dematteis","og_description":"D\u00e9couvrez la technique du photomontage utilis\u00e9e par Brigitte Dematteis. Elle permet \u00e0 ses clients de visualiser leur futur jardin en comparant l'avant et l'apr\u00e8s.","og_url":"https:\/\/dematteis-paysagiste.com\/fr\/brigitte-dematteis\/avant-projets-des-photomontages-realistes\/","og_site_name":"Brigitte Dematteis","article_modified_time":"2026-03-11T15:33:31+00:00","og_image":[{"width":1200,"height":655,"url":"https:\/\/dematteis-paysagiste.com\/wp-content\/uploads\/2023\/05\/photo-de-presentation.jpg","type":"image\/jpeg"}],"twitter_card":"summary_large_image","twitter_misc":{"Dur\u00e9e de lecture estim\u00e9e":"2 minutes"},"schema":{"@context":"https:\/\/schema.org","@graph":[{"@type":"WebPage","@id":"https:\/\/dematteis-paysagiste.com\/fr\/brigitte-dematteis\/avant-projets-des-photomontages-realistes\/","url":"https:\/\/dematteis-paysagiste.com\/fr\/brigitte-dematteis\/avant-projets-des-photomontages-realistes\/","name":"Avant projets - Des photomontages r\u00e9alistes - Brigitte Dematteis","isPartOf":{"@id":"https:\/\/dematteis-paysagiste.com\/fr\/#website"},"primaryImageOfPage":{"@id":"https:\/\/dematteis-paysagiste.com\/fr\/brigitte-dematteis\/avant-projets-des-photomontages-realistes\/#primaryimage"},"image":{"@id":"https:\/\/dematteis-paysagiste.com\/fr\/brigitte-dematteis\/avant-projets-des-photomontages-realistes\/#primaryimage"},"thumbnailUrl":"https:\/\/dematteis-paysagiste.com\/wp-content\/uploads\/2023\/05\/photo-de-presentation.jpg","datePublished":"2023-05-01T13:18:14+00:00","dateModified":"2026-03-11T15:33:31+00:00","description":"D\u00e9couvrez la technique du photomontage utilis\u00e9e par Brigitte Dematteis. Elle permet \u00e0 ses clients de visualiser leur futur jardin en comparant l'avant et l'apr\u00e8s.","breadcrumb":{"@id":"https:\/\/dematteis-paysagiste.com\/fr\/brigitte-dematteis\/avant-projets-des-photomontages-realistes\/#breadcrumb"},"inLanguage":"fr-FR","potentialAction":[{"@type":"ReadAction","target":["https:\/\/dematteis-paysagiste.com\/fr\/brigitte-dematteis\/avant-projets-des-photomontages-realistes\/"]}]},{"@type":"ImageObject","inLanguage":"fr-FR","@id":"https:\/\/dematteis-paysagiste.com\/fr\/brigitte-dematteis\/avant-projets-des-photomontages-realistes\/#primaryimage","url":"https:\/\/dematteis-paysagiste.com\/wp-content\/uploads\/2023\/05\/photo-de-presentation.jpg","contentUrl":"https:\/\/dematteis-paysagiste.com\/wp-content\/uploads\/2023\/05\/photo-de-presentation.jpg","width":1200,"height":655},{"@type":"BreadcrumbList","@id":"https:\/\/dematteis-paysagiste.com\/fr\/brigitte-dematteis\/avant-projets-des-photomontages-realistes\/#breadcrumb","itemListElement":[{"@type":"ListItem","position":1,"name":"Brigitte Dematteis","item":"https:\/\/dematteis-paysagiste.com\/fr\/brigitte-dematteis\/"},{"@type":"ListItem","position":2,"name":"Avant projets &#8211; Des photomontages r\u00e9alistes"}]},{"@type":"WebSite","@id":"https:\/\/dematteis-paysagiste.com\/fr\/#website","url":"https:\/\/dematteis-paysagiste.com\/fr\/","name":"Brigitte Dematteis","description":"","potentialAction":[{"@type":"SearchAction","target":{"@type":"EntryPoint","urlTemplate":"https:\/\/dematteis-paysagiste.com\/fr\/?s={search_term_string}"},"query-input":{"@type":"PropertyValueSpecification","valueRequired":true,"valueName":"search_term_string"}}],"inLanguage":"fr-FR"}]}},"_links":{"self":[{"href":"https:\/\/dematteis-paysagiste.com\/fr\/wp-json\/wp\/v2\/pages\/1090","targetHints":{"allow":["GET"]}}],"collection":[{"href":"https:\/\/dematteis-paysagiste.com\/fr\/wp-json\/wp\/v2\/pages"}],"about":[{"href":"https:\/\/dematteis-paysagiste.com\/fr\/wp-json\/wp\/v2\/types\/page"}],"author":[{"embeddable":true,"href":"https:\/\/dematteis-paysagiste.com\/fr\/wp-json\/wp\/v2\/users\/18"}],"replies":[{"embeddable":true,"href":"https:\/\/dematteis-paysagiste.com\/fr\/wp-json\/wp\/v2\/comments?post=1090"}],"version-history":[{"count":16,"href":"https:\/\/dematteis-paysagiste.com\/fr\/wp-json\/wp\/v2\/pages\/1090\/revisions"}],"predecessor-version":[{"id":2395,"href":"https:\/\/dematteis-paysagiste.com\/fr\/wp-json\/wp\/v2\/pages\/1090\/revisions\/2395"}],"up":[{"embeddable":true,"href":"https:\/\/dematteis-paysagiste.com\/fr\/wp-json\/wp\/v2\/pages\/19"}],"wp:featuredmedia":[{"embeddable":true,"href":"https:\/\/dematteis-paysagiste.com\/fr\/wp-json\/wp\/v2\/media\/1091"}],"wp:attachment":[{"href":"https:\/\/dematteis-paysagiste.com\/fr\/wp-json\/wp\/v2\/media?parent=1090"}],"curies":[{"name":"wp","href":"https:\/\/api.w.org\/{rel}","templated":true}]}}