{"id":12,"date":"2021-02-26T10:29:41","date_gmt":"2021-02-26T09:29:41","guid":{"rendered":"https:\/\/dematteis-paysagiste.com\/?page_id=12"},"modified":"2026-04-03T11:36:13","modified_gmt":"2026-04-03T09:36:13","slug":"votre-projet-paysagiste","status":"publish","type":"page","link":"https:\/\/dematteis-paysagiste.com\/fr\/votre-projet-paysagiste\/","title":{"rendered":"J&#039;ai un projet"},"content":{"rendered":"<p>[vc_row equal_height=\u00a0\u00bbyes\u00a0\u00bb][vc_column width=\u00a0\u00bb1\/6&Prime;][\/vc_column][vc_column width=\u00a0\u00bb2\/3&Prime;]  <div class=\"empty-space empty-space-mobile\" style=\"height: 20px;\"><\/div>\n\n  <div class=\"empty-space empty-space-tablet\" style=\"height: 30px;\"><\/div>\n\n  <div class=\"empty-space empty-space-desktop\" style=\"height: 60px;\"><\/div>\n[vc_column_text]<\/p>\n<div class=\"wpb_text_column wpb_content_element \">\n<div class=\"wpb_wrapper\">\n<p style=\"text-align: center;\"><span style=\"font-size: 48px; color: #000000;\"><strong>Petit ou grand jardin<\/strong><\/span><br \/>\n<span style=\"font-size: 48px; color: #000000;\">La cr\u00e9ativit\u00e9 est de mise&#8230;<\/span><\/p>\n<p style=\"text-align: center;\">Quelle qu\u2019en soit la taille, am\u00e9nager son jardin se r\u00e9v\u00e8le souvent \u00eatre une t\u00e2che relativement complexe\u2026\u00a0Vous vous posez sans doute une multitude de questions :<br \/>\nComment optimiser l\u2019espace ?\u00a0Quelles plantes choisir ?\u00a0Comment se prot\u00e9ger du vis-\u00e0-vis ?<\/p>\n<p style=\"text-align: center;\"><strong>L\u2019atelier BDm r\u00e9pond \u00e0 vos attentes en concevant un projet \u00e9l\u00e9gant et intemporel.<\/strong><\/p>\n<p style=\"text-align: center;\"><strong>Un eden qui traverse le temps..\u00a0\u00a0<\/strong><\/p>\n<\/div>\n<\/div>\n<p>[\/vc_column_text][vc_btn title=\u00a0\u00bbJe prends contact !\u00a0\u00bb shape=\u00a0\u00bbsquare\u00a0\u00bb color=\u00a0\u00bbcc-color1&Prime; size=\u00a0\u00bbsm\u00a0\u00bb align=\u00a0\u00bbcenter\u00a0\u00bb link=\u00a0\u00bburl:https%3A%2F%2Fdematteis-paysagiste.com%2Ffr%2Fcontact%2F|title:Contact\u00a0\u00bb]  <div class=\"empty-space empty-space-mobile\" style=\"height: 20px;\"><\/div>\n\n  <div class=\"empty-space empty-space-tablet\" style=\"height: 30px;\"><\/div>\n\n  <div class=\"empty-space empty-space-desktop\" style=\"height: 60px;\"><\/div>\n[\/vc_column][vc_column width=\u00a0\u00bb1\/6&Prime;][\/vc_column][\/vc_row][vc_row full_width=\u00a0\u00bbstretch_row\u00a0\u00bb content_placement=\u00a0\u00bbmiddle\u00a0\u00bb css=\u00a0\u00bb.vc_custom_1685352603850{background: #f5f5f5 url(https:\/\/dematteis-paysagiste.com\/wp-content\/uploads\/2023\/04\/projet-paysagiste.jpg?id=391) !important;}\u00a0\u00bb el_class=\u00a0\u00bballow-overflow\u00a0\u00bb][vc_column]  <div class=\"empty-space empty-space-mobile\" style=\"height: 30px;\"><\/div>\n\n  <div class=\"empty-space empty-space-tablet\" style=\"height: 30px;\"><\/div>\n\n  <div class=\"empty-space empty-space-desktop\" style=\"height: 75px;\"><\/div>\n  <div class=\"empty-space empty-space-mobile\" style=\"height: 30px;\"><\/div>\n\n  <div class=\"empty-space empty-space-tablet\" style=\"height: 30px;\"><\/div>\n\n  <div class=\"empty-space empty-space-desktop\" style=\"height: 75px;\"><\/div>\n[vc_row_inner equal_height=\u00a0\u00bbyes\u00a0\u00bb gap=\u00a0\u00bb10&Prime;][vc_column_inner width=\u00a0\u00bb1\/4&Prime; css=\u00a0\u00bb.vc_custom_1682082706758{background-color: rgba(255,255,255,0.45) !important;*background-color: rgb(255,255,255) !important;}\u00a0\u00bb][vc_single_image image=\u00a0\u00bb234&Prime; alignment=\u00a0\u00bbcenter\u00a0\u00bb css=\u00a0\u00bb.vc_custom_1681915203869{margin-top: -20px !important;margin-bottom: -10px !important;}\u00a0\u00bb][vc_column_text css=\u00a0\u00bb.vc_custom_1682625426194{margin-top: -20px !important;margin-right: 30px !important;margin-left: 30px !important;}\u00a0\u00bb]<\/p>\n<p style=\"text-align: center;\"><span style=\"color: #000000;\">&#8230; \u00eatre accompagn\u00e9 et guid\u00e9 pour am\u00e9nager un petit ou un grand jardin<\/span><\/p>\n<p>[\/vc_column_text][vc_btn title=\u00a0\u00bbAm\u00e9nager un jardin\u00a0\u00bb shape=\u00a0\u00bbsquare\u00a0\u00bb color=\u00a0\u00bbcc-color1&Prime; size=\u00a0\u00bbsm\u00a0\u00bb align=\u00a0\u00bbcenter\u00a0\u00bb button_block=\u00a0\u00bbtrue\u00a0\u00bb link=\u00a0\u00bburl:https%3A%2F%2Fdematteis-paysagiste.com%2Ffr%2Fvotre-projet-paysagiste%2Fcreation-de-jardins%2F|title:Cr%C3%A9ation%20de%20jardins\u00a0\u00bb][\/vc_column_inner][vc_column_inner width=\u00a0\u00bb1\/4&Prime; css=\u00a0\u00bb.vc_custom_1682082714758{background-color: rgba(255,255,255,0.45) !important;*background-color: rgb(255,255,255) !important;}\u00a0\u00bb][vc_single_image image=\u00a0\u00bb319&Prime; alignment=\u00a0\u00bbcenter\u00a0\u00bb css=\u00a0\u00bb.vc_custom_1681915490191{margin-top: -20px !important;margin-bottom: -10px !important;}\u00a0\u00bb][vc_column_text css=\u00a0\u00bb.vc_custom_1685352617128{margin-top: -20px !important;margin-right: 30px !important;margin-left: 30px !important;}\u00a0\u00bb]<\/p>\n<p style=\"text-align: center;\"><span style=\"color: #000000;\">&#8230;cr\u00e9er, agencer et am\u00e9nager une terrasse ext\u00e9rieure avec des plantes<\/span><\/p>\n<p>[\/vc_column_text][vc_btn title=\u00a0\u00bbAm\u00e9nager une terrasse\u00a0\u00bb shape=\u00a0\u00bbsquare\u00a0\u00bb color=\u00a0\u00bbcc-color1&Prime; size=\u00a0\u00bbsm\u00a0\u00bb align=\u00a0\u00bbcenter\u00a0\u00bb button_block=\u00a0\u00bbtrue\u00a0\u00bb link=\u00a0\u00bburl:https%3A%2F%2Fdematteis-paysagiste.com%2Ffr%2Fvotre-projet-paysagiste%2Famenager-une-terrasse%2F|title:Am%C3%A9nager%20une%20terrasse\u00a0\u00bb][\/vc_column_inner][vc_column_inner width=\u00a0\u00bb1\/4&Prime; css=\u00a0\u00bb.vc_custom_1682082723057{background-color: rgba(255,255,255,0.45) !important;*background-color: rgb(255,255,255) !important;}\u00a0\u00bb][vc_single_image image=\u00a0\u00bb1623&Prime; alignment=\u00a0\u00bbcenter\u00a0\u00bb css=\u00a0\u00bb.vc_custom_1685353379799{margin-top: -20px !important;margin-bottom: -10px !important;}\u00a0\u00bb][vc_column_text css=\u00a0\u00bb.vc_custom_1682625445026{margin-top: -20px !important;margin-right: 30px !important;margin-left: 30px !important;}\u00a0\u00bb]<\/p>\n<p style=\"text-align: center;\"><span style=\"color: #000000;\">&#8230;int\u00e9grer une piscine dans votre jardin tout en conservant l&rsquo;harmonie<\/span><\/p>\n<p>[\/vc_column_text][vc_btn title=\u00a0\u00bbInt\u00e9grer une piscine\u00a0\u00bb shape=\u00a0\u00bbsquare\u00a0\u00bb color=\u00a0\u00bbcc-color1&Prime; size=\u00a0\u00bbsm\u00a0\u00bb align=\u00a0\u00bbcenter\u00a0\u00bb button_block=\u00a0\u00bbtrue\u00a0\u00bb link=\u00a0\u00bburl:https%3A%2F%2Fdematteis-paysagiste.com%2Ffr%2Fvotre-projet-paysagiste%2Fintegrer-une-piscine%2F|title:Int%C3%A9grer%20une%20piscine\u00a0\u00bb][\/vc_column_inner][vc_column_inner width=\u00a0\u00bb1\/4&Prime; css=\u00a0\u00bb.vc_custom_1685352800980{background-color: rgba(255,255,255,0.45) !important;*background-color: rgb(255,255,255) !important;}\u00a0\u00bb][vc_single_image image=\u00a0\u00bb1620&Prime; alignment=\u00a0\u00bbcenter\u00a0\u00bb css=\u00a0\u00bb.vc_custom_1685353153808{margin-top: -20px !important;margin-bottom: -10px !important;}\u00a0\u00bb][vc_column_text css=\u00a0\u00bb.vc_custom_1685612161092{margin-top: -20px !important;margin-right: 30px !important;margin-left: 30px !important;}\u00a0\u00bb]<\/p>\n<p style=\"text-align: center;\"><span style=\"color: #000000;\">&#8230;int\u00e9grer un portail et \/ ou r\u00e9am\u00e9nager l&rsquo;entr\u00e9e de votre maison ou villa<\/span><\/p>\n<p>[\/vc_column_text][vc_btn title=\u00a0\u00bbCr\u00e9er une entr\u00e9e\u00a0\u00bb shape=\u00a0\u00bbsquare\u00a0\u00bb color=\u00a0\u00bbcc-color1&Prime; size=\u00a0\u00bbsm\u00a0\u00bb align=\u00a0\u00bbcenter\u00a0\u00bb button_block=\u00a0\u00bbtrue\u00a0\u00bb link=\u00a0\u00bburl:https%3A%2F%2Fdematteis-paysagiste.com%2Ffr%2Fcreer-une-entree-ou-integrer-un-portail%2F|title:Int%C3%A9grer%20une%20piscine\u00a0\u00bb][\/vc_column_inner][\/vc_row_inner]  <div class=\"empty-space empty-space-mobile\" style=\"height: 60px;\"><\/div>\n\n  <div class=\"empty-space empty-space-tablet\" style=\"height: 60px;\"><\/div>\n\n  <div class=\"empty-space empty-space-desktop\" style=\"height: 150px;\"><\/div>\n[\/vc_column][\/vc_row][vc_row full_width=\u00a0\u00bbstretch_row\u00a0\u00bb content_placement=\u00a0\u00bbmiddle\u00a0\u00bb el_class=\u00a0\u00bballow-overflow\u00a0\u00bb][vc_column]  <div class=\"empty-space empty-space-mobile\" style=\"height: 60px;\"><\/div>\n\n  <div class=\"empty-space empty-space-tablet\" style=\"height: 60px;\"><\/div>\n\n  <div class=\"empty-space empty-space-desktop\" style=\"height: 100px;\"><\/div>\n[vc_row_inner][vc_column_inner width=\u00a0\u00bb4\/6&Prime;][vc_column_text]<\/p>\n<p style=\"text-align: left;\"><span style=\"font-size: 20px;\">Cr\u00e9er un jardin est plus subtil qu&rsquo;il n&rsquo;y para\u00eet&#8230;<\/span><\/p>\n<p>Depuis une bonne trentaine d&rsquo;ann\u00e9es, je cr\u00e9e des jardins. Certains sont immenses, d&rsquo;autres sont tr\u00e8s petits. Pour moi, il n&rsquo;y a pas de diff\u00e9rence. Ils ont en revanche tous un point commun : leurs propri\u00e9taires respectifs souhaitent un jardin p\u00e9renne et cr\u00e9atif ![\/vc_column_text][vc_btn title=\u00a0\u00bbJe prends contact !\u00a0\u00bb shape=\u00a0\u00bbsquare\u00a0\u00bb color=\u00a0\u00bbcc-color1&Prime; size=\u00a0\u00bbsm\u00a0\u00bb align=\u00a0\u00bbleft\u00a0\u00bb link=\u00a0\u00bburl:https%3A%2F%2Fdematteis-paysagiste.com%2Ffr%2Fcontact%2F|title:Contact\u00a0\u00bb][\/vc_column_inner][vc_column_inner width=\u00a0\u00bb2\/6&Prime;][vc_single_image image=\u00a0\u00bb330&Prime; img_size=\u00a0\u00bbmedium\u00a0\u00bb][\/vc_column_inner][\/vc_row_inner]  <div class=\"empty-space empty-space-mobile\" style=\"height: 60px;\"><\/div>\n\n  <div class=\"empty-space empty-space-tablet\" style=\"height: 60px;\"><\/div>\n\n  <div class=\"empty-space empty-space-desktop\" style=\"height: 100px;\"><\/div>\n[\/vc_column][\/vc_row][vc_row equal_height=\u00a0\u00bbyes\u00a0\u00bb][vc_column][\/vc_column][\/vc_row][vc_row full_width=\u00a0\u00bbstretch_row\u00a0\u00bb parallax=\u00a0\u00bbcontent-moving\u00a0\u00bb css=\u00a0\u00bb.vc_custom_1681915901680{background-color: #f5f5f5 !important;background-position: center;background-repeat: no-repeat !important;background-size: cover !important;}\u00a0\u00bb][vc_column]  <div class=\"empty-space empty-space-mobile\" style=\"height: 60px;\"><\/div>\n\n  <div class=\"empty-space empty-space-tablet\" style=\"height: 60px;\"><\/div>\n\n  <div class=\"empty-space empty-space-desktop\" style=\"height: 100px;\"><\/div>\n[vc_row_inner equal_height=\u00a0\u00bbyes\u00a0\u00bb gap=\u00a0\u00bb20&Prime; css=\u00a0\u00bb.vc_custom_1685427987164{margin-bottom: 0px !important;}\u00a0\u00bb][vc_column_inner width=\u00a0\u00bb1\/2&Prime;][vc_gallery type=\u00a0\u00bbflexslider_slide\u00a0\u00bb interval=\u00a0\u00bb3&Prime; images=\u00a0\u00bb610,578,1071,1301,1303&Prime; img_size=\u00a0\u00bb500&#215;500&Prime;][\/vc_column_inner][vc_column_inner width=\u00a0\u00bb1\/2&Prime;]  <div class=\"empty-space empty-space-mobile\" style=\"height: 20px;\"><\/div>\n\n  <div class=\"empty-space empty-space-tablet\" style=\"height: 30px;\"><\/div>\n\n  <div class=\"empty-space empty-space-desktop\" style=\"height: 40px;\"><\/div>\n[vc_column_text]<span style=\"font-size: 28px; color: #000000;\">La signature <strong>Brigitte Dematteis<\/strong><\/span><\/p>\n<p>Les jardins de Brigitte reposent sur la cr\u00e9ativit\u00e9, c&rsquo;est elle qui donne une \u00e2me au jardin. Et puisque la cr\u00e9ativit\u00e9 ne s\u2019improvise pas, elle doit se \u00a0\u00bb penser \u00a0\u00bb et se \u00a0\u00bb poser \u00a0\u00bb sur le papier.<\/p>\n<p>Dans une premi\u00e8re phase de travail, Brigitte vous proposera des repr\u00e9sentations artistiques r\u00e9alistes trait\u00e9es par ordinateur (<a href=\"https:\/\/dematteis-paysagiste.com\/fr\/brigitte-dematteis\/avant-projets-des-photomontages-realistes\/\">photomontages r\u00e9alis\u00e9es sur la base de photos<\/a>). C&rsquo;est la m\u00e9thode BDm.<\/p>\n<p>Dans un second temps, un dessin \u00e0 l&rsquo;encre de chine est r\u00e9alis\u00e9. C&rsquo;est l&rsquo;\u00e9l\u00e9ment centralisateur du projet. Ces derniers permettront d&rsquo;obtenir des devis d\u00e9taill\u00e9s pour la r\u00e9alisation gr\u00e2ce au descriptif et quantitatif des v\u00e9g\u00e9taux.[\/vc_column_text][\/vc_column_inner][\/vc_row_inner][vc_row_inner equal_height=\u00a0\u00bbyes\u00a0\u00bb css=\u00a0\u00bb.vc_custom_1681916900889{margin-bottom: 0px !important;}\u00a0\u00bb][vc_column_inner width=\u00a0\u00bb1\/2&Prime;]  <div class=\"empty-space empty-space-mobile\" style=\"height: 20px;\"><\/div>\n\n  <div class=\"empty-space empty-space-tablet\" style=\"height: 30px;\"><\/div>\n\n  <div class=\"empty-space empty-space-desktop\" style=\"height: 80px;\"><\/div>\n[vc_column_text]<span style=\"font-size: 28px; color: #000000;\">L&rsquo;atelier <strong>Brigitte Dematteis<\/strong><\/span><\/p>\n<p>Une d\u00e9marche unique en France men\u00e9e autour de ces propositions de projets r\u00e9alistes&#8230; \u00c0 partir des envies des ses clients et des caract\u00e9ristiques du site, Brigitte Dematteis propose une s\u00e9rie de photomontages. Une m\u00e9thode id\u00e9ale pour faciliter la repr\u00e9sentation finale des propositions.<\/p>\n<p>Vous allez d\u00e9couvrir votre projet esth\u00e9tiquement et\u2026 financi\u00e8rement.<\/p>\n<p>Exemples de plans de vue :<\/p>\n<ul style=\"list-style-type: square;\">\n<li>entr\u00e9e d\u2019une villa,<\/li>\n<li>emplacement d\u2019une piscine et couleur de l\u2019eau,<\/li>\n<li>votre futur pool house,<\/li>\n<li>choix du sol\u2026<\/li>\n<\/ul>\n<p>[\/vc_column_text][\/vc_column_inner][vc_column_inner width=\u00a0\u00bb1\/2&Prime; css=\u00a0\u00bb.vc_custom_1681916971301{margin-top: 0px !important;}\u00a0\u00bb][vc_single_image image=\u00a0\u00bb429&Prime; img_size=\u00a0\u00bblarge\u00a0\u00bb css=\u00a0\u00bb.vc_custom_1681917167374{margin-top: 0px !important;}\u00a0\u00bb][\/vc_column_inner][\/vc_row_inner]  <div class=\"empty-space empty-space-mobile\" style=\"height: 60px;\"><\/div>\n\n  <div class=\"empty-space empty-space-tablet\" style=\"height: 60px;\"><\/div>\n\n  <div class=\"empty-space empty-space-desktop\" style=\"height: 100px;\"><\/div>\n[\/vc_column][\/vc_row]<\/p>\n","protected":false},"excerpt":{"rendered":"<p>[vc_row equal_height=\u00a0\u00bbyes\u00a0\u00bb][vc_column width=\u00a0\u00bb1\/6&Prime;][\/vc_column][vc_column width=\u00a0\u00bb2\/3&Prime;][vc_column_text] Petit ou grand jardin La cr\u00e9ativit\u00e9 est de mise&#8230; Quelle qu\u2019en soit la taille, am\u00e9nager son [&hellip;]<\/p>\n","protected":false},"author":20,"featured_media":362,"parent":0,"menu_order":0,"comment_status":"closed","ping_status":"closed","template":"","meta":{"footnotes":""},"class_list":["post-12","page","type-page","status-publish","has-post-thumbnail","hentry"],"yoast_head":"<!-- This site is optimized with the Yoast SEO plugin v27.3 - https:\/\/yoast.com\/product\/yoast-seo-wordpress\/ -->\n<title>J&#039;ai un projet - Brigitte Dematteis<\/title>\n<meta name=\"robots\" content=\"index, follow, max-snippet:-1, max-image-preview:large, max-video-preview:-1\" \/>\n<link rel=\"canonical\" href=\"https:\/\/dematteis-paysagiste.com\/fr\/votre-projet-paysagiste\/\" \/>\n<meta property=\"og:locale\" content=\"fr_FR\" \/>\n<meta property=\"og:type\" content=\"article\" \/>\n<meta property=\"og:title\" content=\"J&#039;ai un projet - Brigitte Dematteis\" \/>\n<meta property=\"og:description\" content=\"[vc_row equal_height=\u00a0\u00bbyes\u00a0\u00bb][vc_column width=\u00a0\u00bb1\/6&Prime;][\/vc_column][vc_column width=\u00a0\u00bb2\/3&Prime;][vc_column_text] Petit ou grand jardin La cr\u00e9ativit\u00e9 est de mise&#8230; Quelle qu\u2019en soit la taille, am\u00e9nager son [&hellip;]\" \/>\n<meta property=\"og:url\" content=\"https:\/\/dematteis-paysagiste.com\/fr\/votre-projet-paysagiste\/\" \/>\n<meta property=\"og:site_name\" content=\"Brigitte Dematteis\" \/>\n<meta property=\"article:modified_time\" content=\"2026-04-03T09:36:13+00:00\" \/>\n<meta property=\"og:image\" content=\"https:\/\/dematteis-paysagiste.com\/wp-content\/uploads\/2023\/04\/paysage-cote-azur.jpg\" \/>\n\t<meta property=\"og:image:width\" content=\"1920\" \/>\n\t<meta property=\"og:image:height\" content=\"1280\" \/>\n\t<meta property=\"og:image:type\" content=\"image\/jpeg\" \/>\n<meta name=\"twitter:card\" content=\"summary_large_image\" \/>\n<meta name=\"twitter:label1\" content=\"Dur\u00e9e de lecture estim\u00e9e\" \/>\n\t<meta name=\"twitter:data1\" content=\"6 minutes\" \/>\n<script type=\"application\/ld+json\" class=\"yoast-schema-graph\">{\"@context\":\"https:\\\/\\\/schema.org\",\"@graph\":[{\"@type\":\"WebPage\",\"@id\":\"https:\\\/\\\/dematteis-paysagiste.com\\\/fr\\\/votre-projet-paysagiste\\\/\",\"url\":\"https:\\\/\\\/dematteis-paysagiste.com\\\/fr\\\/votre-projet-paysagiste\\\/\",\"name\":\"J&#039;ai un projet - Brigitte Dematteis\",\"isPartOf\":{\"@id\":\"https:\\\/\\\/dematteis-paysagiste.com\\\/fr\\\/#website\"},\"primaryImageOfPage\":{\"@id\":\"https:\\\/\\\/dematteis-paysagiste.com\\\/fr\\\/votre-projet-paysagiste\\\/#primaryimage\"},\"image\":{\"@id\":\"https:\\\/\\\/dematteis-paysagiste.com\\\/fr\\\/votre-projet-paysagiste\\\/#primaryimage\"},\"thumbnailUrl\":\"https:\\\/\\\/dematteis-paysagiste.com\\\/wp-content\\\/uploads\\\/2023\\\/04\\\/paysage-cote-azur.jpg\",\"datePublished\":\"2021-02-26T09:29:41+00:00\",\"dateModified\":\"2026-04-03T09:36:13+00:00\",\"inLanguage\":\"fr-FR\",\"potentialAction\":[{\"@type\":\"ReadAction\",\"target\":[\"https:\\\/\\\/dematteis-paysagiste.com\\\/fr\\\/votre-projet-paysagiste\\\/\"]}]},{\"@type\":\"ImageObject\",\"inLanguage\":\"fr-FR\",\"@id\":\"https:\\\/\\\/dematteis-paysagiste.com\\\/fr\\\/votre-projet-paysagiste\\\/#primaryimage\",\"url\":\"https:\\\/\\\/dematteis-paysagiste.com\\\/wp-content\\\/uploads\\\/2023\\\/04\\\/paysage-cote-azur.jpg\",\"contentUrl\":\"https:\\\/\\\/dematteis-paysagiste.com\\\/wp-content\\\/uploads\\\/2023\\\/04\\\/paysage-cote-azur.jpg\",\"width\":1920,\"height\":1280,\"caption\":\"paysagiste c\u00f4te d'azur\"},{\"@type\":\"WebSite\",\"@id\":\"https:\\\/\\\/dematteis-paysagiste.com\\\/fr\\\/#website\",\"url\":\"https:\\\/\\\/dematteis-paysagiste.com\\\/fr\\\/\",\"name\":\"Brigitte Dematteis\",\"description\":\"\",\"potentialAction\":[{\"@type\":\"SearchAction\",\"target\":{\"@type\":\"EntryPoint\",\"urlTemplate\":\"https:\\\/\\\/dematteis-paysagiste.com\\\/fr\\\/?s={search_term_string}\"},\"query-input\":{\"@type\":\"PropertyValueSpecification\",\"valueRequired\":true,\"valueName\":\"search_term_string\"}}],\"inLanguage\":\"fr-FR\"}]}<\/script>\n<!-- \/ Yoast SEO plugin. -->","yoast_head_json":{"title":"J&#039;ai un projet - Brigitte Dematteis","robots":{"index":"index","follow":"follow","max-snippet":"max-snippet:-1","max-image-preview":"max-image-preview:large","max-video-preview":"max-video-preview:-1"},"canonical":"https:\/\/dematteis-paysagiste.com\/fr\/votre-projet-paysagiste\/","og_locale":"fr_FR","og_type":"article","og_title":"J&#039;ai un projet - Brigitte Dematteis","og_description":"[vc_row equal_height=\u00a0\u00bbyes\u00a0\u00bb][vc_column width=\u00a0\u00bb1\/6&Prime;][\/vc_column][vc_column width=\u00a0\u00bb2\/3&Prime;][vc_column_text] Petit ou grand jardin La cr\u00e9ativit\u00e9 est de mise&#8230; Quelle qu\u2019en soit la taille, am\u00e9nager son [&hellip;]","og_url":"https:\/\/dematteis-paysagiste.com\/fr\/votre-projet-paysagiste\/","og_site_name":"Brigitte Dematteis","article_modified_time":"2026-04-03T09:36:13+00:00","og_image":[{"width":1920,"height":1280,"url":"https:\/\/dematteis-paysagiste.com\/wp-content\/uploads\/2023\/04\/paysage-cote-azur.jpg","type":"image\/jpeg"}],"twitter_card":"summary_large_image","twitter_misc":{"Dur\u00e9e de lecture estim\u00e9e":"6 minutes"},"schema":{"@context":"https:\/\/schema.org","@graph":[{"@type":"WebPage","@id":"https:\/\/dematteis-paysagiste.com\/fr\/votre-projet-paysagiste\/","url":"https:\/\/dematteis-paysagiste.com\/fr\/votre-projet-paysagiste\/","name":"J&#039;ai un projet - Brigitte Dematteis","isPartOf":{"@id":"https:\/\/dematteis-paysagiste.com\/fr\/#website"},"primaryImageOfPage":{"@id":"https:\/\/dematteis-paysagiste.com\/fr\/votre-projet-paysagiste\/#primaryimage"},"image":{"@id":"https:\/\/dematteis-paysagiste.com\/fr\/votre-projet-paysagiste\/#primaryimage"},"thumbnailUrl":"https:\/\/dematteis-paysagiste.com\/wp-content\/uploads\/2023\/04\/paysage-cote-azur.jpg","datePublished":"2021-02-26T09:29:41+00:00","dateModified":"2026-04-03T09:36:13+00:00","inLanguage":"fr-FR","potentialAction":[{"@type":"ReadAction","target":["https:\/\/dematteis-paysagiste.com\/fr\/votre-projet-paysagiste\/"]}]},{"@type":"ImageObject","inLanguage":"fr-FR","@id":"https:\/\/dematteis-paysagiste.com\/fr\/votre-projet-paysagiste\/#primaryimage","url":"https:\/\/dematteis-paysagiste.com\/wp-content\/uploads\/2023\/04\/paysage-cote-azur.jpg","contentUrl":"https:\/\/dematteis-paysagiste.com\/wp-content\/uploads\/2023\/04\/paysage-cote-azur.jpg","width":1920,"height":1280,"caption":"paysagiste c\u00f4te d'azur"},{"@type":"WebSite","@id":"https:\/\/dematteis-paysagiste.com\/fr\/#website","url":"https:\/\/dematteis-paysagiste.com\/fr\/","name":"Brigitte Dematteis","description":"","potentialAction":[{"@type":"SearchAction","target":{"@type":"EntryPoint","urlTemplate":"https:\/\/dematteis-paysagiste.com\/fr\/?s={search_term_string}"},"query-input":{"@type":"PropertyValueSpecification","valueRequired":true,"valueName":"search_term_string"}}],"inLanguage":"fr-FR"}]}},"_links":{"self":[{"href":"https:\/\/dematteis-paysagiste.com\/fr\/wp-json\/wp\/v2\/pages\/12","targetHints":{"allow":["GET"]}}],"collection":[{"href":"https:\/\/dematteis-paysagiste.com\/fr\/wp-json\/wp\/v2\/pages"}],"about":[{"href":"https:\/\/dematteis-paysagiste.com\/fr\/wp-json\/wp\/v2\/types\/page"}],"author":[{"embeddable":true,"href":"https:\/\/dematteis-paysagiste.com\/fr\/wp-json\/wp\/v2\/users\/20"}],"replies":[{"embeddable":true,"href":"https:\/\/dematteis-paysagiste.com\/fr\/wp-json\/wp\/v2\/comments?post=12"}],"version-history":[{"count":153,"href":"https:\/\/dematteis-paysagiste.com\/fr\/wp-json\/wp\/v2\/pages\/12\/revisions"}],"predecessor-version":[{"id":2530,"href":"https:\/\/dematteis-paysagiste.com\/fr\/wp-json\/wp\/v2\/pages\/12\/revisions\/2530"}],"wp:featuredmedia":[{"embeddable":true,"href":"https:\/\/dematteis-paysagiste.com\/fr\/wp-json\/wp\/v2\/media\/362"}],"wp:attachment":[{"href":"https:\/\/dematteis-paysagiste.com\/fr\/wp-json\/wp\/v2\/media?parent=12"}],"curies":[{"name":"wp","href":"https:\/\/api.w.org\/{rel}","templated":true}]}}