{"id":19,"date":"2021-02-26T11:00:49","date_gmt":"2021-02-26T10:00:49","guid":{"rendered":"https:\/\/dematteis-paysagiste.com\/?page_id=19"},"modified":"2026-03-18T17:04:22","modified_gmt":"2026-03-18T16:04:22","slug":"brigitte-dematteis","status":"publish","type":"page","link":"https:\/\/dematteis-paysagiste.com\/fr\/brigitte-dematteis\/","title":{"rendered":"Brigitte Dematteis"},"content":{"rendered":"<p>[vc_row gap=\u00a0\u00bb30&Prime; equal_height=\u00a0\u00bbyes\u00a0\u00bb][vc_column width=\u00a0\u00bb1\/2&Prime;][vc_column_text]<span style=\"font-size: 48px; color: #000000;\">Brigitte Dematteis<strong><br \/>\nPaysagiste oui&#8230;<br \/>\n<\/strong><em>mais artiste avant tout !\u00a0<\/em><\/span>[\/vc_column_text][vc_column_text]<span style=\"font-size: 20px;\">Paysagiste de m\u00e9tier et artiste dans l&rsquo;\u00e2me !<\/span><br \/>\nEn effet, l\u2019harmonie d\u2019un jardin r\u00e9pond aux r\u00e8gles d\u2019un tableau et il est vrai que cette peintre amateur est une coloriste de premier choix.<\/p>\n<p>C\u2019est sans doute de <strong>Cabris<\/strong>, la terre de ses grands-parents o\u00f9 elle a grandi, que Brigitte Dematteis a puis\u00e9 ses influences proven\u00e7ales. A quelques kilom\u00e8tres de <strong>Nice<\/strong>, <strong>Cannes<\/strong> et <strong>Grasse<\/strong>, au c\u0153ur des <strong>Alpes-Maritimes<\/strong>, ce site authentique offre un panorama splendide sur la mer <strong>M\u00e9diterran\u00e9e<\/strong> et les villages qu\u2019il surplombe.<\/p>\n<p style=\"text-align: center;\"><em>\u00a0\u00bb Un jour, j\u2019ai d\u00e9couvert que l\u2019ombre et la lumi\u00e8re \u00e9taient indissociables, et depuis, je cr\u00e9e des jardins \u00ab\u00a0<\/em><\/p>\n<p>[\/vc_column_text][vc_btn title=\u00a0\u00bbPrendre contact\u00a0\u00bb shape=\u00a0\u00bbsquare\u00a0\u00bb color=\u00a0\u00bbcc-color1&Prime; size=\u00a0\u00bbsm\u00a0\u00bb align=\u00a0\u00bbcenter\u00a0\u00bb button_block=\u00a0\u00bbtrue\u00a0\u00bb link=\u00a0\u00bburl:https%3A%2F%2Fdematteis-paysagiste.com%2Ffr%2Fcontact%2F|title:Contact\u00a0\u00bb][\/vc_column][vc_column width=\u00a0\u00bb1\/2&Prime; css=\u00a0\u00bb.vc_custom_1684947625745{border-left-width: 1px !important;}\u00a0\u00bb]  <div class=\"empty-space empty-space-mobile\" style=\"height: 20px;\"><\/div>\n\n  <div class=\"empty-space empty-space-tablet\" style=\"height: 30px;\"><\/div>\n\n  <div class=\"empty-space empty-space-desktop\" style=\"height: 60px;\"><\/div>\n[vc_column_text]<\/p>\n<h3 style=\"text-align: center;\"><span style=\"font-size: 20px;\"><strong>Et si on bousculait les codes du luxe ?\u00a0<\/strong><\/span><\/h3>\n<p>[\/vc_column_text][vc_video link=\u00a0\u00bbhttps:\/\/youtu.be\/4UEaeJGirJQ\u00a0\u00bb align=\u00a0\u00bbcenter\u00a0\u00bb][\/vc_column][\/vc_row][vc_row][vc_column]  <div class=\"empty-space empty-space-mobile\" style=\"height: 60px;\"><\/div>\n\n  <div class=\"empty-space empty-space-tablet\" style=\"height: 60px;\"><\/div>\n\n  <div class=\"empty-space empty-space-desktop\" style=\"height: 80px;\"><\/div>\n[\/vc_column][\/vc_row][vc_row full_width=\u00a0\u00bbstretch_row\u00a0\u00bb css=\u00a0\u00bb.vc_custom_1685537525658{background-image: url(https:\/\/dematteis-paysagiste.com\/wp-content\/uploads\/2023\/05\/bandeau-bdm.jpg?id=1709) !important;background-position: center !important;background-repeat: no-repeat !important;background-size: cover !important;}\u00a0\u00bb][vc_column]  <div class=\"empty-space empty-space-mobile\" style=\"height: 60px;\"><\/div>\n\n  <div class=\"empty-space empty-space-tablet\" style=\"height: 60px;\"><\/div>\n\n  <div class=\"empty-space empty-space-desktop\" style=\"height: 150px;\"><\/div>\n[vc_row_inner][vc_column_inner width=\u00a0\u00bb2\/3&Prime;][vc_column_text]<\/p>\n<h3><span style=\"color: #ffffff;\">D\u00e9couvrez les reportages vid\u00e9o de Brigitte Dematteis<\/span><\/h3>\n<p>[\/vc_column_text][\/vc_column_inner][vc_column_inner width=\u00a0\u00bb1\/3&Prime;][vc_btn title=\u00a0\u00bbVoir les vid\u00e9os\u00a0\u00bb shape=\u00a0\u00bbsquare\u00a0\u00bb color=\u00a0\u00bbwhite\u00a0\u00bb i_icon_fontawesome=\u00a0\u00bbfab fa-youtube\u00a0\u00bb add_icon=\u00a0\u00bbtrue\u00a0\u00bb link=\u00a0\u00bburl:https%3A%2F%2Fdematteis-paysagiste.com%2Ffr%2Freportages-videos-brigitte-dematteis%2F|title:Reportages%20vid%C3%A9os\u00a0\u00bb][\/vc_column_inner][\/vc_row_inner]  <div class=\"empty-space empty-space-mobile\" style=\"height: 60px;\"><\/div>\n\n  <div class=\"empty-space empty-space-tablet\" style=\"height: 60px;\"><\/div>\n\n  <div class=\"empty-space empty-space-desktop\" style=\"height: 150px;\"><\/div>\n[\/vc_column][\/vc_row][vc_row full_width=\u00a0\u00bbstretch_row\u00a0\u00bb css=\u00a0\u00bb.vc_custom_1614333712118{background-color: #f5f5f5 !important;}\u00a0\u00bb][vc_column]  <div class=\"empty-space empty-space-mobile\" style=\"height: 60px;\"><\/div>\n\n  <div class=\"empty-space empty-space-tablet\" style=\"height: 60px;\"><\/div>\n\n  <div class=\"empty-space empty-space-desktop\" style=\"height: 80px;\"><\/div>\n[vc_row_inner][vc_column_inner width=\u00a0\u00bb1\/4&Prime;][vc_icon icon_fontawesome=\u00a0\u00bbfab fa-envira\u00a0\u00bb align=\u00a0\u00bbright\u00a0\u00bb css=\u00a0\u00bb.vc_custom_1681911384164{margin-bottom: -5px !important;}\u00a0\u00bb][vc_column_text]<\/p>\n<p style=\"text-align: right;\"><span style=\"color: #000000;\"><strong>Le style Dematteis ?<\/strong><\/span><br \/>\n\u00c0 la fois proven\u00e7al et contemporain, \u00e9pur\u00e9 et chaleureux !<\/p>\n<p>[\/vc_column_text][vc_icon icon_fontawesome=\u00a0\u00bbfas fa-pencil-alt\u00a0\u00bb align=\u00a0\u00bbright\u00a0\u00bb css=\u00a0\u00bb.vc_custom_1681911243330{margin-bottom: -5px !important;}\u00a0\u00bb][vc_column_text]<\/p>\n<p style=\"text-align: right;\"><span style=\"color: #000000;\"><strong>Sa d\u00e9marche<\/strong><\/span><br \/>\nUne d\u00e9marche unique en France permettant \u00e0 ses clients une repr\u00e9sentation parfaite de la r\u00e9alisation finale.<\/p>\n<p>[\/vc_column_text][\/vc_column_inner][vc_column_inner width=\u00a0\u00bb1\/2&Prime;]  <div class=\"empty-space empty-space-mobile\" style=\"height: 20px;\"><\/div>\n\n  <div class=\"empty-space empty-space-tablet\" style=\"height: 40px;\"><\/div>\n\n  <div class=\"empty-space empty-space-desktop\" style=\"height: 80px;\"><\/div>\n[vc_single_image image=\u00a0\u00bb330&Prime; img_size=\u00a0\u00bbmedium\u00a0\u00bb alignment=\u00a0\u00bbcenter\u00a0\u00bb][vc_column_text]<\/p>\n<p style=\"text-align: center;\"><strong>Une question ?\u00a0<\/strong><\/p>\n<p>[\/vc_column_text][vc_btn title=\u00a0\u00bbVoir la FAQ\u00a0\u00bb shape=\u00a0\u00bbsquare\u00a0\u00bb color=\u00a0\u00bbcc-color1&Prime; size=\u00a0\u00bbxs\u00a0\u00bb align=\u00a0\u00bbcenter\u00a0\u00bb link=\u00a0\u00bburl:https%3A%2F%2Fdematteis-paysagiste.com%2Ffr%2Ffoire-aux-questions%2F|title:FAQ\u00a0\u00bb][\/vc_column_inner][vc_column_inner width=\u00a0\u00bb1\/4&Prime;][vc_icon icon_fontawesome=\u00a0\u00bbfas fa-glasses\u00a0\u00bb css=\u00a0\u00bb.vc_custom_1681911906767{margin-bottom: -5px !important;}\u00a0\u00bb][vc_column_text]<\/p>\n<p style=\"text-align: left;\"><span style=\"color: #000000;\"><strong>Son cr\u00e9do ? Le r\u00e9alisme !<\/strong><\/span><br \/>\nAvec des <a href=\"https:\/\/dematteis-paysagiste.com\/fr\/brigitte-dematteis\/avant-projets-des-photomontages-realistes\/\">photomontages<\/a> pr\u00e9cis, Brigitte propose diff\u00e9rents projets.<\/p>\n<p>[\/vc_column_text][vc_icon icon_fontawesome=\u00a0\u00bbfas fa-photo-video\u00a0\u00bb css=\u00a0\u00bb.vc_custom_1681911785284{margin-bottom: -5px !important;}\u00a0\u00bb][vc_column_text]<\/p>\n<p style=\"text-align: left;\"><span style=\"color: #000000;\"><strong>Ses oeuvres<\/strong><\/span><br \/>\nFemme dynamique aux mille projets, Brigitte Dematteis transmet \u00e9galement son savoir-faire et parle dans ses livres d\u00e9di\u00e9s aux jardins.<\/p>\n<p>[\/vc_column_text][\/vc_column_inner][\/vc_row_inner]  <div class=\"empty-space empty-space-mobile\" style=\"height: 50px;\"><\/div>\n\n  <div class=\"empty-space empty-space-tablet\" style=\"height: 50px;\"><\/div>\n\n  <div class=\"empty-space empty-space-desktop\" style=\"height: 60px;\"><\/div>\n[\/vc_column][\/vc_row][vc_row][vc_column]  <div class=\"empty-space empty-space-mobile\" style=\"height: 60px;\"><\/div>\n\n  <div class=\"empty-space empty-space-tablet\" style=\"height: 60px;\"><\/div>\n\n  <div class=\"empty-space empty-space-desktop\" style=\"height: 80px;\"><\/div>\n[\/vc_column][\/vc_row][vc_row][vc_column][vc_row_inner][vc_column_inner width=\u00a0\u00bb1\/6&Prime;][\/vc_column_inner][vc_column_inner width=\u00a0\u00bb2\/3&Prime;][vc_column_text]<\/p>\n<p style=\"text-align: center;\"><span style=\"font-size: 20px;\"><em>\u201cBrigitte Dematteis est une paysagiste mais elle est en fait bien plus que cela, c\u2019est une artiste. La premi\u00e8re fois que j\u2019ai eu le plaisir de converser avec elle, je me suis tout de suite souvenu de mon professeur d\u2019horticulture qui ne cessait de dire \u00e0 la classe \u201cqu\u2019un bon jardinier se devait avoir l\u2019oeil d\u2019un peintre et une \u00e2me de po\u00e8te\u201d.<\/em><\/span><\/p>\n<p>&amp;amp;nbsp;<\/p>\n<p style=\"text-align: center;\"><strong>Alain Baraton<br \/>\n<\/strong>Jardinier, \u00e9crivain, chroniqueur de t\u00e9l\u00e9vision et de radio fran\u00e7ais<\/p>\n<p>[\/vc_column_text][\/vc_column_inner][vc_column_inner width=\u00a0\u00bb1\/6&Prime;][\/vc_column_inner][\/vc_row_inner][\/vc_column][\/vc_row][vc_row][vc_column]  <div class=\"empty-space empty-space-mobile\" style=\"height: 60px;\"><\/div>\n\n  <div class=\"empty-space empty-space-tablet\" style=\"height: 60px;\"><\/div>\n\n  <div class=\"empty-space empty-space-desktop\" style=\"height: 80px;\"><\/div>\n[\/vc_column][\/vc_row][vc_row full_width=\u00a0\u00bbstretch_row\u00a0\u00bb css=\u00a0\u00bb.vc_custom_1683898751837{background-color: #f5f5f5 !important;}\u00a0\u00bb el_id=\u00a0\u00bblivres\u00a0\u00bb][vc_column]  <div class=\"empty-space empty-space-mobile\" style=\"height: 60px;\"><\/div>\n\n  <div class=\"empty-space empty-space-tablet\" style=\"height: 60px;\"><\/div>\n\n  <div class=\"empty-space empty-space-desktop\" style=\"height: 80px;\"><\/div>\n[vc_column_text]<span style=\"font-size: 48px; color: #000000;\">Ses <strong>ouvrages<br \/>\n<\/strong><\/span>[\/vc_column_text][vc_row_inner][vc_column_inner width=\u00a0\u00bb1\/3&Prime;][vc_single_image image=\u00a0\u00bb1027&Prime; img_size=\u00a0\u00bbmedium\u00a0\u00bb onclick=\u00a0\u00bbcustom_link\u00a0\u00bb link=\u00a0\u00bbhttps:\/\/dematteis-paysagiste.com\/fr\/actualites\/livres\/dialogue-avec-des-jardins-mediterraneens\/\u00a0\u00bb][vc_column_text]<strong>Dialogue avec des jardins M\u00e9diterran\u00e9ens<\/strong>[\/vc_column_text][vc_btn title=\u00a0\u00bb\u00c9PUIS\u00c9\u00a0\u00bb shape=\u00a0\u00bbsquare\u00a0\u00bb color=\u00a0\u00bbcc-color1&Prime; link=\u00a0\u00bburl:%23&Prime;][\/vc_column_inner][vc_column_inner width=\u00a0\u00bb1\/3&Prime;][vc_single_image image=\u00a0\u00bb1018&Prime; img_size=\u00a0\u00bbmedium\u00a0\u00bb onclick=\u00a0\u00bbcustom_link\u00a0\u00bb link=\u00a0\u00bbhttps:\/\/dematteis-paysagiste.com\/fr\/actualites\/livres\/de-lart-a-larchitecture-du-jardin\/\u00a0\u00bb][vc_column_text]<strong>De l&rsquo;Art \u00e0 l&rsquo;architecture du jardin<\/strong>[\/vc_column_text][vc_btn title=\u00a0\u00bbAcheter le livre\u00a0\u00bb shape=\u00a0\u00bbsquare\u00a0\u00bb color=\u00a0\u00bbcc-color1&Prime; link=\u00a0\u00bburl:https%3A%2F%2Fwww.fnac.com%2Fa8119038%2FBrigitte-Dematteis-De-l-Art-a-l-Architecture-du-jardin|target:_blank\u00a0\u00bb][\/vc_column_inner][vc_column_inner width=\u00a0\u00bb1\/3&Prime;][vc_single_image image=\u00a0\u00bb1022&Prime; img_size=\u00a0\u00bbmedium\u00a0\u00bb onclick=\u00a0\u00bbcustom_link\u00a0\u00bb link=\u00a0\u00bbhttps:\/\/dematteis-paysagiste.com\/fr\/actualites\/livres\/brigitte-dematteis-parle-de-petits-jardins\/\u00a0\u00bb][vc_column_text]<strong>Brigitte Dematteis parle de petits jardins<\/strong>[\/vc_column_text][vc_btn title=\u00a0\u00bbAcheter le livre\u00a0\u00bb shape=\u00a0\u00bbsquare\u00a0\u00bb color=\u00a0\u00bbcc-color1&Prime; link=\u00a0\u00bburl:https%3A%2F%2Fwww.fnac.com%2Fa10212181%2FBrigitte-Dematteis-Brigitte-Dematteis-parle-de-petits-jardins|target:_blank\u00a0\u00bb][\/vc_column_inner][\/vc_row_inner]  <div class=\"empty-space empty-space-mobile\" style=\"height: 60px;\"><\/div>\n\n  <div class=\"empty-space empty-space-tablet\" style=\"height: 60px;\"><\/div>\n\n  <div class=\"empty-space empty-space-desktop\" style=\"height: 80px;\"><\/div>\n[\/vc_column][\/vc_row]<\/p>\n","protected":false},"excerpt":{"rendered":"<p>[vc_row gap=\u00a0\u00bb30&Prime; equal_height=\u00a0\u00bbyes\u00a0\u00bb][vc_column width=\u00a0\u00bb1\/2&Prime;][vc_column_text]Brigitte Dematteis Paysagiste oui&#8230; mais artiste avant tout !\u00a0[\/vc_column_text][vc_column_text]Paysagiste de m\u00e9tier et artiste dans l&rsquo;\u00e2me ! En [&hellip;]<\/p>\n","protected":false},"author":18,"featured_media":310,"parent":0,"menu_order":0,"comment_status":"closed","ping_status":"closed","template":"","meta":{"footnotes":""},"class_list":["post-19","page","type-page","status-publish","has-post-thumbnail","hentry"],"yoast_head":"<!-- This site is optimized with the Yoast SEO plugin v27.3 - https:\/\/yoast.com\/product\/yoast-seo-wordpress\/ -->\n<title>Brigitte Dematteis - Paysagiste dans les Alpes-Maritimes<\/title>\n<meta name=\"description\" content=\"D\u00e9couvrez Brigitte Dematteis, Paysagiste dans les Alpes Maritimes, elle vous accompagnera dans tous vos projets d&#039;am\u00e9nagements ext\u00e9rieurs.\" \/>\n<meta name=\"robots\" content=\"index, follow, max-snippet:-1, max-image-preview:large, max-video-preview:-1\" \/>\n<link rel=\"canonical\" href=\"https:\/\/dematteis-paysagiste.com\/fr\/brigitte-dematteis\/\" \/>\n<meta property=\"og:locale\" content=\"fr_FR\" \/>\n<meta property=\"og:type\" content=\"article\" \/>\n<meta property=\"og:title\" content=\"Brigitte Dematteis - Paysagiste dans les Alpes-Maritimes\" \/>\n<meta property=\"og:description\" content=\"D\u00e9couvrez Brigitte Dematteis, Paysagiste dans les Alpes Maritimes, elle vous accompagnera dans tous vos projets d&#039;am\u00e9nagements ext\u00e9rieurs.\" \/>\n<meta property=\"og:url\" content=\"https:\/\/dematteis-paysagiste.com\/fr\/brigitte-dematteis\/\" \/>\n<meta property=\"og:site_name\" content=\"Brigitte Dematteis\" \/>\n<meta property=\"article:modified_time\" content=\"2026-03-18T16:04:22+00:00\" \/>\n<meta property=\"og:image\" content=\"https:\/\/dematteis-paysagiste.com\/wp-content\/uploads\/2023\/04\/paysagiste-antibes-1024x768.jpg\" \/>\n\t<meta property=\"og:image:width\" content=\"1024\" \/>\n\t<meta property=\"og:image:height\" content=\"768\" \/>\n\t<meta property=\"og:image:type\" content=\"image\/jpeg\" \/>\n<meta name=\"twitter:card\" content=\"summary_large_image\" \/>\n<meta name=\"twitter:label1\" content=\"Dur\u00e9e de lecture estim\u00e9e\" \/>\n\t<meta name=\"twitter:data1\" content=\"2 minutes\" \/>\n<script type=\"application\/ld+json\" class=\"yoast-schema-graph\">{\"@context\":\"https:\\\/\\\/schema.org\",\"@graph\":[{\"@type\":\"WebPage\",\"@id\":\"https:\\\/\\\/dematteis-paysagiste.com\\\/fr\\\/brigitte-dematteis\\\/\",\"url\":\"https:\\\/\\\/dematteis-paysagiste.com\\\/fr\\\/brigitte-dematteis\\\/\",\"name\":\"Brigitte Dematteis - Paysagiste dans les Alpes-Maritimes\",\"isPartOf\":{\"@id\":\"https:\\\/\\\/dematteis-paysagiste.com\\\/fr\\\/#website\"},\"primaryImageOfPage\":{\"@id\":\"https:\\\/\\\/dematteis-paysagiste.com\\\/fr\\\/brigitte-dematteis\\\/#primaryimage\"},\"image\":{\"@id\":\"https:\\\/\\\/dematteis-paysagiste.com\\\/fr\\\/brigitte-dematteis\\\/#primaryimage\"},\"thumbnailUrl\":\"https:\\\/\\\/dematteis-paysagiste.com\\\/wp-content\\\/uploads\\\/2023\\\/04\\\/paysagiste-antibes.jpg\",\"datePublished\":\"2021-02-26T10:00:49+00:00\",\"dateModified\":\"2026-03-18T16:04:22+00:00\",\"description\":\"D\u00e9couvrez Brigitte Dematteis, Paysagiste dans les Alpes Maritimes, elle vous accompagnera dans tous vos projets d'am\u00e9nagements ext\u00e9rieurs.\",\"inLanguage\":\"fr-FR\",\"potentialAction\":[{\"@type\":\"ReadAction\",\"target\":[\"https:\\\/\\\/dematteis-paysagiste.com\\\/fr\\\/brigitte-dematteis\\\/\"]}]},{\"@type\":\"ImageObject\",\"inLanguage\":\"fr-FR\",\"@id\":\"https:\\\/\\\/dematteis-paysagiste.com\\\/fr\\\/brigitte-dematteis\\\/#primaryimage\",\"url\":\"https:\\\/\\\/dematteis-paysagiste.com\\\/wp-content\\\/uploads\\\/2023\\\/04\\\/paysagiste-antibes.jpg\",\"contentUrl\":\"https:\\\/\\\/dematteis-paysagiste.com\\\/wp-content\\\/uploads\\\/2023\\\/04\\\/paysagiste-antibes.jpg\",\"width\":1920,\"height\":1440},{\"@type\":\"WebSite\",\"@id\":\"https:\\\/\\\/dematteis-paysagiste.com\\\/fr\\\/#website\",\"url\":\"https:\\\/\\\/dematteis-paysagiste.com\\\/fr\\\/\",\"name\":\"Brigitte Dematteis\",\"description\":\"\",\"potentialAction\":[{\"@type\":\"SearchAction\",\"target\":{\"@type\":\"EntryPoint\",\"urlTemplate\":\"https:\\\/\\\/dematteis-paysagiste.com\\\/fr\\\/?s={search_term_string}\"},\"query-input\":{\"@type\":\"PropertyValueSpecification\",\"valueRequired\":true,\"valueName\":\"search_term_string\"}}],\"inLanguage\":\"fr-FR\"}]}<\/script>\n<!-- \/ Yoast SEO plugin. -->","yoast_head_json":{"title":"Brigitte Dematteis - Paysagiste dans les Alpes-Maritimes","description":"D\u00e9couvrez Brigitte Dematteis, Paysagiste dans les Alpes Maritimes, elle vous accompagnera dans tous vos projets d'am\u00e9nagements ext\u00e9rieurs.","robots":{"index":"index","follow":"follow","max-snippet":"max-snippet:-1","max-image-preview":"max-image-preview:large","max-video-preview":"max-video-preview:-1"},"canonical":"https:\/\/dematteis-paysagiste.com\/fr\/brigitte-dematteis\/","og_locale":"fr_FR","og_type":"article","og_title":"Brigitte Dematteis - Paysagiste dans les Alpes-Maritimes","og_description":"D\u00e9couvrez Brigitte Dematteis, Paysagiste dans les Alpes Maritimes, elle vous accompagnera dans tous vos projets d'am\u00e9nagements ext\u00e9rieurs.","og_url":"https:\/\/dematteis-paysagiste.com\/fr\/brigitte-dematteis\/","og_site_name":"Brigitte Dematteis","article_modified_time":"2026-03-18T16:04:22+00:00","og_image":[{"width":1024,"height":768,"url":"https:\/\/dematteis-paysagiste.com\/wp-content\/uploads\/2023\/04\/paysagiste-antibes-1024x768.jpg","type":"image\/jpeg"}],"twitter_card":"summary_large_image","twitter_misc":{"Dur\u00e9e de lecture estim\u00e9e":"2 minutes"},"schema":{"@context":"https:\/\/schema.org","@graph":[{"@type":"WebPage","@id":"https:\/\/dematteis-paysagiste.com\/fr\/brigitte-dematteis\/","url":"https:\/\/dematteis-paysagiste.com\/fr\/brigitte-dematteis\/","name":"Brigitte Dematteis - Paysagiste dans les Alpes-Maritimes","isPartOf":{"@id":"https:\/\/dematteis-paysagiste.com\/fr\/#website"},"primaryImageOfPage":{"@id":"https:\/\/dematteis-paysagiste.com\/fr\/brigitte-dematteis\/#primaryimage"},"image":{"@id":"https:\/\/dematteis-paysagiste.com\/fr\/brigitte-dematteis\/#primaryimage"},"thumbnailUrl":"https:\/\/dematteis-paysagiste.com\/wp-content\/uploads\/2023\/04\/paysagiste-antibes.jpg","datePublished":"2021-02-26T10:00:49+00:00","dateModified":"2026-03-18T16:04:22+00:00","description":"D\u00e9couvrez Brigitte Dematteis, Paysagiste dans les Alpes Maritimes, elle vous accompagnera dans tous vos projets d'am\u00e9nagements ext\u00e9rieurs.","inLanguage":"fr-FR","potentialAction":[{"@type":"ReadAction","target":["https:\/\/dematteis-paysagiste.com\/fr\/brigitte-dematteis\/"]}]},{"@type":"ImageObject","inLanguage":"fr-FR","@id":"https:\/\/dematteis-paysagiste.com\/fr\/brigitte-dematteis\/#primaryimage","url":"https:\/\/dematteis-paysagiste.com\/wp-content\/uploads\/2023\/04\/paysagiste-antibes.jpg","contentUrl":"https:\/\/dematteis-paysagiste.com\/wp-content\/uploads\/2023\/04\/paysagiste-antibes.jpg","width":1920,"height":1440},{"@type":"WebSite","@id":"https:\/\/dematteis-paysagiste.com\/fr\/#website","url":"https:\/\/dematteis-paysagiste.com\/fr\/","name":"Brigitte Dematteis","description":"","potentialAction":[{"@type":"SearchAction","target":{"@type":"EntryPoint","urlTemplate":"https:\/\/dematteis-paysagiste.com\/fr\/?s={search_term_string}"},"query-input":{"@type":"PropertyValueSpecification","valueRequired":true,"valueName":"search_term_string"}}],"inLanguage":"fr-FR"}]}},"_links":{"self":[{"href":"https:\/\/dematteis-paysagiste.com\/fr\/wp-json\/wp\/v2\/pages\/19","targetHints":{"allow":["GET"]}}],"collection":[{"href":"https:\/\/dematteis-paysagiste.com\/fr\/wp-json\/wp\/v2\/pages"}],"about":[{"href":"https:\/\/dematteis-paysagiste.com\/fr\/wp-json\/wp\/v2\/types\/page"}],"author":[{"embeddable":true,"href":"https:\/\/dematteis-paysagiste.com\/fr\/wp-json\/wp\/v2\/users\/18"}],"replies":[{"embeddable":true,"href":"https:\/\/dematteis-paysagiste.com\/fr\/wp-json\/wp\/v2\/comments?post=19"}],"version-history":[{"count":110,"href":"https:\/\/dematteis-paysagiste.com\/fr\/wp-json\/wp\/v2\/pages\/19\/revisions"}],"predecessor-version":[{"id":2405,"href":"https:\/\/dematteis-paysagiste.com\/fr\/wp-json\/wp\/v2\/pages\/19\/revisions\/2405"}],"wp:featuredmedia":[{"embeddable":true,"href":"https:\/\/dematteis-paysagiste.com\/fr\/wp-json\/wp\/v2\/media\/310"}],"wp:attachment":[{"href":"https:\/\/dematteis-paysagiste.com\/fr\/wp-json\/wp\/v2\/media?parent=19"}],"curies":[{"name":"wp","href":"https:\/\/api.w.org\/{rel}","templated":true}]}}