{"id":445,"date":"2023-04-19T17:30:37","date_gmt":"2023-04-19T15:30:37","guid":{"rendered":"https:\/\/dematteis-paysagiste.com\/?page_id=445"},"modified":"2026-03-11T16:28:34","modified_gmt":"2026-03-11T15:28:34","slug":"creation-de-jardins","status":"publish","type":"page","link":"https:\/\/dematteis-paysagiste.com\/fr\/votre-projet-paysagiste\/creation-de-jardins\/","title":{"rendered":"Cr\u00e9ation de jardins"},"content":{"rendered":"<p>[vc_row equal_height=\u00a0\u00bbyes\u00a0\u00bb][vc_column width=\u00a0\u00bb2\/6&Prime;][vc_single_image image=\u00a0\u00bb234&Prime; img_size=\u00a0\u00bbmedium\u00a0\u00bb alignment=\u00a0\u00bbcenter\u00a0\u00bb][\/vc_column][vc_column width=\u00a0\u00bb4\/6&Prime;]  <div class=\"empty-space empty-space-mobile\" style=\"height: 20px;\"><\/div>\n\n  <div class=\"empty-space empty-space-tablet\" style=\"height: 30px;\"><\/div>\n\n  <div class=\"empty-space empty-space-desktop\" style=\"height: 60px;\"><\/div>\n[vc_column_text]Brigitte Dematteis, <a href=\"\/\"><strong>paysagiste azur\u00e9enne bas\u00e9e \u00e0 Grasse<\/strong><\/a>, vous accompagne dans vos projets d&rsquo;am\u00e9nagement de jardin. Quelle que soit la surface \u00e0 am\u00e9nager, un jardin est avant tout un espace de vie qu&rsquo;il faut penser afin d&rsquo;\u00e9viter des erreurs qui peuvent co\u00fbter cher (cr\u00e9ation d&rsquo;un mur inutile, implantation de plantes inadapt\u00e9es&#8230;).<\/p>\n<p>Brigitte Dematteis peut \u00e9galement vous aider \u00e0 redessiner l&rsquo;entr\u00e9e de votre villa, <a href=\"https:\/\/dematteis-paysagiste.com\/fr\/votre-projet-paysagiste\/amenager-une-terrasse\/\"><strong>am\u00e9nager vos terrasses ext\u00e9rieures<\/strong><\/a>, <a href=\"https:\/\/dematteis-paysagiste.com\/fr\/votre-projet-paysagiste\/integrer-une-piscine\/\"><strong>am\u00e9nager les abords de votre piscine,<\/strong><\/a>\u00a0<a href=\"https:\/\/dematteis-paysagiste.com\/fr\/actualites\/video\/creez-un-jardin-dexception-en-mediterranee\/\"><strong>cr\u00e9er un jardin m\u00e9diterran\u00e9en<\/strong><\/a>.[\/vc_column_text]  <div class=\"empty-space empty-space-mobile\" style=\"height: 20px;\"><\/div>\n\n  <div class=\"empty-space empty-space-tablet\" style=\"height: 30px;\"><\/div>\n\n  <div class=\"empty-space empty-space-desktop\" style=\"height: 60px;\"><\/div>\n[\/vc_column][\/vc_row][vc_row full_width=\u00a0\u00bbstretch_row\u00a0\u00bb gap=\u00a0\u00bb30&Prime; equal_height=\u00a0\u00bbyes\u00a0\u00bb css=\u00a0\u00bb.vc_custom_1684934329402{background-color: #f5f5f5 !important;}\u00a0\u00bb][vc_column width=\u00a0\u00bb1\/2&Prime;]  <div class=\"empty-space empty-space-mobile\" style=\"height: 20px;\"><\/div>\n\n  <div class=\"empty-space empty-space-tablet\" style=\"height: 30px;\"><\/div>\n\n  <div class=\"empty-space empty-space-desktop\" style=\"height: 60px;\"><\/div>\n[vc_row_inner equal_height=\u00a0\u00bbyes\u00a0\u00bb][vc_column_inner width=\u00a0\u00bb2\/3&Prime;][vc_column_text]<span style=\"color: #000000;\"><strong><span style=\"font-size: 48px;\">La signature<\/span><\/strong><\/span>[\/vc_column_text][\/vc_column_inner][vc_column_inner width=\u00a0\u00bb1\/3&Prime;][vc_single_image image=\u00a0\u00bb1256&Prime; img_size=\u00a0\u00bbmedium\u00a0\u00bb][\/vc_column_inner][\/vc_row_inner]  <div class=\"empty-space empty-space-mobile\" style=\"height: 20px;\"><\/div>\n\n  <div class=\"empty-space empty-space-tablet\" style=\"height: 30px;\"><\/div>\n\n  <div class=\"empty-space empty-space-desktop\" style=\"height: 60px;\"><\/div>\n[\/vc_column][vc_column width=\u00a0\u00bb1\/2&Prime;]  <div class=\"empty-space empty-space-mobile\" style=\"height: 20px;\"><\/div>\n\n  <div class=\"empty-space empty-space-tablet\" style=\"height: 30px;\"><\/div>\n\n  <div class=\"empty-space empty-space-desktop\" style=\"height: 60px;\"><\/div>\n[vc_column_text]Apr\u00e8s avoir \u00e9chang\u00e9 sur vos besoins et envies, Brigitte Dematteis vous projettera, au travers de <a href=\"https:\/\/dematteis-paysagiste.com\/fr\/brigitte-dematteis\/avant-projets-des-photomontages-realistes\/\">photomontages<\/a> r\u00e9alistes, dans votre futur jardin et les diff\u00e9rentes options qui s&rsquo;offrent \u00e0 vous.<\/p>\n<p>Vous n&rsquo;aurez qu&rsquo;une mission : choisir l&rsquo;option qui vous plaira le plus ![\/vc_column_text][vc_btn title=\u00a0\u00bbUn projet ? Contactez Brigitte !\u00a0\u00bb shape=\u00a0\u00bbsquare\u00a0\u00bb color=\u00a0\u00bbcc-color1&Prime; align=\u00a0\u00bbleft\u00a0\u00bb link=\u00a0\u00bburl:https%3A%2F%2Fdematteis-paysagiste.com%2Ffr%2Fcontact%2F|title:Contact\u00a0\u00bb]  <div class=\"empty-space empty-space-mobile\" style=\"height: 20px;\"><\/div>\n\n  <div class=\"empty-space empty-space-tablet\" style=\"height: 30px;\"><\/div>\n\n  <div class=\"empty-space empty-space-desktop\" style=\"height: 60px;\"><\/div>\n[\/vc_column][\/vc_row][vc_row equal_height=\u00a0\u00bbyes\u00a0\u00bb][vc_column]  <div class=\"empty-space empty-space-mobile\" style=\"height: 20px;\"><\/div>\n\n  <div class=\"empty-space empty-space-tablet\" style=\"height: 30px;\"><\/div>\n\n  <div class=\"empty-space empty-space-desktop\" style=\"height: 60px;\"><\/div>\n[vc_column_text]<span style=\"font-size: 20px;\"><strong>Exemples d&rsquo;avant-projet<\/strong><\/span>[\/vc_column_text][vc_row_inner][vc_column_inner][vc_column_text]D\u00e9couvrez la transformation envisag\u00e9e pour ce coin de jardin. Les photomontages pr\u00e9sentent deux propositions pour l&rsquo;implantation d&rsquo;un lavoir, chacune refl\u00e9tant un style diff\u00e9rent, conform\u00e9ment aux souhaits du client. La premi\u00e8re option propose un design contemporain, tandis que la seconde \u00e9voque une approche plus traditionnelle.<\/p>\n<p>Au travers de nombreuses photomontages, Brigitte facilite le choix de l&rsquo;esth\u00e9tisme au client. C&rsquo;est cette compr\u00e9hension du futur espace qui va permettre au projet de prendre forme.[\/vc_column_text][\/vc_column_inner][\/vc_row_inner][vc_media_grid gap=\u00a0\u00bb15&Prime; item=\u00a0\u00bbmediaGrid_FadeInWithIcon\u00a0\u00bb grid_id=\u00a0\u00bbvc_gid:1746639218441-a33fdb5f-ac0f-0&Prime; include=\u00a0\u00bb1915,2078,2076&Prime;]  <div class=\"empty-space empty-space-mobile\" style=\"height: 20px;\"><\/div>\n\n  <div class=\"empty-space empty-space-tablet\" style=\"height: 30px;\"><\/div>\n\n  <div class=\"empty-space empty-space-desktop\" style=\"height: 60px;\"><\/div>\n[vc_btn title=\u00a0\u00bbRetour aux projets\u00a0\u00bb shape=\u00a0\u00bbsquare\u00a0\u00bb color=\u00a0\u00bbcc-color1&Prime; align=\u00a0\u00bbcenter\u00a0\u00bb link=\u00a0\u00bburl:https%3A%2F%2Fdematteis-paysagiste.com%2Ffr%2Fvotre-projet-paysagiste%2F|title:Contact\u00a0\u00bb]  <div class=\"empty-space empty-space-mobile\" style=\"height: 20px;\"><\/div>\n\n  <div class=\"empty-space empty-space-tablet\" style=\"height: 30px;\"><\/div>\n\n  <div class=\"empty-space empty-space-desktop\" style=\"height: 60px;\"><\/div>\n[\/vc_column][\/vc_row]<\/p>\n","protected":false},"excerpt":{"rendered":"<p>[vc_row equal_height=\u00a0\u00bbyes\u00a0\u00bb][vc_column width=\u00a0\u00bb2\/6&Prime;][vc_single_image image=\u00a0\u00bb234&Prime; img_size=\u00a0\u00bbmedium\u00a0\u00bb alignment=\u00a0\u00bbcenter\u00a0\u00bb][\/vc_column][vc_column width=\u00a0\u00bb4\/6&Prime;][vc_column_text]Brigitte Dematteis, paysagiste azur\u00e9enne bas\u00e9e \u00e0 Grasse, vous accompagne dans vos projets d&rsquo;am\u00e9nagement de [&hellip;]<\/p>\n","protected":false},"author":18,"featured_media":1276,"parent":12,"menu_order":0,"comment_status":"closed","ping_status":"closed","template":"","meta":{"footnotes":""},"class_list":["post-445","page","type-page","status-publish","has-post-thumbnail","hentry"],"yoast_head":"<!-- This site is optimized with the Yoast SEO plugin v27.3 - https:\/\/yoast.com\/product\/yoast-seo-wordpress\/ -->\n<title>Cr\u00e9ation de jardins - Brigitte Dematteis<\/title>\n<meta name=\"robots\" content=\"index, follow, max-snippet:-1, max-image-preview:large, max-video-preview:-1\" \/>\n<link rel=\"canonical\" href=\"https:\/\/dematteis-paysagiste.com\/fr\/votre-projet-paysagiste\/creation-de-jardins\/\" \/>\n<meta property=\"og:locale\" content=\"fr_FR\" \/>\n<meta property=\"og:type\" content=\"article\" \/>\n<meta property=\"og:title\" content=\"Cr\u00e9ation de jardins - Brigitte Dematteis\" \/>\n<meta property=\"og:description\" content=\"[vc_row equal_height=\u00a0\u00bbyes\u00a0\u00bb][vc_column width=\u00a0\u00bb2\/6&Prime;][vc_single_image image=\u00a0\u00bb234&Prime; img_size=\u00a0\u00bbmedium\u00a0\u00bb alignment=\u00a0\u00bbcenter\u00a0\u00bb][\/vc_column][vc_column width=\u00a0\u00bb4\/6&Prime;][vc_column_text]Brigitte Dematteis, paysagiste azur\u00e9enne bas\u00e9e \u00e0 Grasse, vous accompagne dans vos projets d&rsquo;am\u00e9nagement de [&hellip;]\" \/>\n<meta property=\"og:url\" content=\"https:\/\/dematteis-paysagiste.com\/fr\/votre-projet-paysagiste\/creation-de-jardins\/\" \/>\n<meta property=\"og:site_name\" content=\"Brigitte Dematteis\" \/>\n<meta property=\"article:modified_time\" content=\"2026-03-11T15:28:34+00:00\" \/>\n<meta property=\"og:image\" content=\"https:\/\/dematteis-paysagiste.com\/wp-content\/uploads\/2023\/05\/creation-de-jardin.jpg\" \/>\n\t<meta property=\"og:image:width\" content=\"1920\" \/>\n\t<meta property=\"og:image:height\" content=\"1280\" \/>\n\t<meta property=\"og:image:type\" content=\"image\/jpeg\" \/>\n<meta name=\"twitter:card\" content=\"summary_large_image\" \/>\n<meta name=\"twitter:label1\" content=\"Dur\u00e9e de lecture estim\u00e9e\" \/>\n\t<meta name=\"twitter:data1\" content=\"2 minutes\" \/>\n<script type=\"application\/ld+json\" class=\"yoast-schema-graph\">{\"@context\":\"https:\\\/\\\/schema.org\",\"@graph\":[{\"@type\":\"WebPage\",\"@id\":\"https:\\\/\\\/dematteis-paysagiste.com\\\/fr\\\/votre-projet-paysagiste\\\/creation-de-jardins\\\/\",\"url\":\"https:\\\/\\\/dematteis-paysagiste.com\\\/fr\\\/votre-projet-paysagiste\\\/creation-de-jardins\\\/\",\"name\":\"Cr\u00e9ation de jardins - Brigitte Dematteis\",\"isPartOf\":{\"@id\":\"https:\\\/\\\/dematteis-paysagiste.com\\\/fr\\\/#website\"},\"primaryImageOfPage\":{\"@id\":\"https:\\\/\\\/dematteis-paysagiste.com\\\/fr\\\/votre-projet-paysagiste\\\/creation-de-jardins\\\/#primaryimage\"},\"image\":{\"@id\":\"https:\\\/\\\/dematteis-paysagiste.com\\\/fr\\\/votre-projet-paysagiste\\\/creation-de-jardins\\\/#primaryimage\"},\"thumbnailUrl\":\"https:\\\/\\\/dematteis-paysagiste.com\\\/wp-content\\\/uploads\\\/2023\\\/05\\\/creation-de-jardin.jpg\",\"datePublished\":\"2023-04-19T15:30:37+00:00\",\"dateModified\":\"2026-03-11T15:28:34+00:00\",\"breadcrumb\":{\"@id\":\"https:\\\/\\\/dematteis-paysagiste.com\\\/fr\\\/votre-projet-paysagiste\\\/creation-de-jardins\\\/#breadcrumb\"},\"inLanguage\":\"fr-FR\",\"potentialAction\":[{\"@type\":\"ReadAction\",\"target\":[\"https:\\\/\\\/dematteis-paysagiste.com\\\/fr\\\/votre-projet-paysagiste\\\/creation-de-jardins\\\/\"]}]},{\"@type\":\"ImageObject\",\"inLanguage\":\"fr-FR\",\"@id\":\"https:\\\/\\\/dematteis-paysagiste.com\\\/fr\\\/votre-projet-paysagiste\\\/creation-de-jardins\\\/#primaryimage\",\"url\":\"https:\\\/\\\/dematteis-paysagiste.com\\\/wp-content\\\/uploads\\\/2023\\\/05\\\/creation-de-jardin.jpg\",\"contentUrl\":\"https:\\\/\\\/dematteis-paysagiste.com\\\/wp-content\\\/uploads\\\/2023\\\/05\\\/creation-de-jardin.jpg\",\"width\":1920,\"height\":1280,\"caption\":\"cr\u00e9ation de jardin\"},{\"@type\":\"BreadcrumbList\",\"@id\":\"https:\\\/\\\/dematteis-paysagiste.com\\\/fr\\\/votre-projet-paysagiste\\\/creation-de-jardins\\\/#breadcrumb\",\"itemListElement\":[{\"@type\":\"ListItem\",\"position\":1,\"name\":\"J&#039;ai un projet\",\"item\":\"https:\\\/\\\/dematteis-paysagiste.com\\\/fr\\\/votre-projet-paysagiste\\\/\"},{\"@type\":\"ListItem\",\"position\":2,\"name\":\"Cr\u00e9ation de jardins\"}]},{\"@type\":\"WebSite\",\"@id\":\"https:\\\/\\\/dematteis-paysagiste.com\\\/fr\\\/#website\",\"url\":\"https:\\\/\\\/dematteis-paysagiste.com\\\/fr\\\/\",\"name\":\"Brigitte Dematteis\",\"description\":\"\",\"potentialAction\":[{\"@type\":\"SearchAction\",\"target\":{\"@type\":\"EntryPoint\",\"urlTemplate\":\"https:\\\/\\\/dematteis-paysagiste.com\\\/fr\\\/?s={search_term_string}\"},\"query-input\":{\"@type\":\"PropertyValueSpecification\",\"valueRequired\":true,\"valueName\":\"search_term_string\"}}],\"inLanguage\":\"fr-FR\"}]}<\/script>\n<!-- \/ Yoast SEO plugin. -->","yoast_head_json":{"title":"Cr\u00e9ation de jardins - Brigitte Dematteis","robots":{"index":"index","follow":"follow","max-snippet":"max-snippet:-1","max-image-preview":"max-image-preview:large","max-video-preview":"max-video-preview:-1"},"canonical":"https:\/\/dematteis-paysagiste.com\/fr\/votre-projet-paysagiste\/creation-de-jardins\/","og_locale":"fr_FR","og_type":"article","og_title":"Cr\u00e9ation de jardins - Brigitte Dematteis","og_description":"[vc_row equal_height=\u00a0\u00bbyes\u00a0\u00bb][vc_column width=\u00a0\u00bb2\/6&Prime;][vc_single_image image=\u00a0\u00bb234&Prime; img_size=\u00a0\u00bbmedium\u00a0\u00bb alignment=\u00a0\u00bbcenter\u00a0\u00bb][\/vc_column][vc_column width=\u00a0\u00bb4\/6&Prime;][vc_column_text]Brigitte Dematteis, paysagiste azur\u00e9enne bas\u00e9e \u00e0 Grasse, vous accompagne dans vos projets d&rsquo;am\u00e9nagement de [&hellip;]","og_url":"https:\/\/dematteis-paysagiste.com\/fr\/votre-projet-paysagiste\/creation-de-jardins\/","og_site_name":"Brigitte Dematteis","article_modified_time":"2026-03-11T15:28:34+00:00","og_image":[{"width":1920,"height":1280,"url":"https:\/\/dematteis-paysagiste.com\/wp-content\/uploads\/2023\/05\/creation-de-jardin.jpg","type":"image\/jpeg"}],"twitter_card":"summary_large_image","twitter_misc":{"Dur\u00e9e de lecture estim\u00e9e":"2 minutes"},"schema":{"@context":"https:\/\/schema.org","@graph":[{"@type":"WebPage","@id":"https:\/\/dematteis-paysagiste.com\/fr\/votre-projet-paysagiste\/creation-de-jardins\/","url":"https:\/\/dematteis-paysagiste.com\/fr\/votre-projet-paysagiste\/creation-de-jardins\/","name":"Cr\u00e9ation de jardins - Brigitte Dematteis","isPartOf":{"@id":"https:\/\/dematteis-paysagiste.com\/fr\/#website"},"primaryImageOfPage":{"@id":"https:\/\/dematteis-paysagiste.com\/fr\/votre-projet-paysagiste\/creation-de-jardins\/#primaryimage"},"image":{"@id":"https:\/\/dematteis-paysagiste.com\/fr\/votre-projet-paysagiste\/creation-de-jardins\/#primaryimage"},"thumbnailUrl":"https:\/\/dematteis-paysagiste.com\/wp-content\/uploads\/2023\/05\/creation-de-jardin.jpg","datePublished":"2023-04-19T15:30:37+00:00","dateModified":"2026-03-11T15:28:34+00:00","breadcrumb":{"@id":"https:\/\/dematteis-paysagiste.com\/fr\/votre-projet-paysagiste\/creation-de-jardins\/#breadcrumb"},"inLanguage":"fr-FR","potentialAction":[{"@type":"ReadAction","target":["https:\/\/dematteis-paysagiste.com\/fr\/votre-projet-paysagiste\/creation-de-jardins\/"]}]},{"@type":"ImageObject","inLanguage":"fr-FR","@id":"https:\/\/dematteis-paysagiste.com\/fr\/votre-projet-paysagiste\/creation-de-jardins\/#primaryimage","url":"https:\/\/dematteis-paysagiste.com\/wp-content\/uploads\/2023\/05\/creation-de-jardin.jpg","contentUrl":"https:\/\/dematteis-paysagiste.com\/wp-content\/uploads\/2023\/05\/creation-de-jardin.jpg","width":1920,"height":1280,"caption":"cr\u00e9ation de jardin"},{"@type":"BreadcrumbList","@id":"https:\/\/dematteis-paysagiste.com\/fr\/votre-projet-paysagiste\/creation-de-jardins\/#breadcrumb","itemListElement":[{"@type":"ListItem","position":1,"name":"J&#039;ai un projet","item":"https:\/\/dematteis-paysagiste.com\/fr\/votre-projet-paysagiste\/"},{"@type":"ListItem","position":2,"name":"Cr\u00e9ation de jardins"}]},{"@type":"WebSite","@id":"https:\/\/dematteis-paysagiste.com\/fr\/#website","url":"https:\/\/dematteis-paysagiste.com\/fr\/","name":"Brigitte Dematteis","description":"","potentialAction":[{"@type":"SearchAction","target":{"@type":"EntryPoint","urlTemplate":"https:\/\/dematteis-paysagiste.com\/fr\/?s={search_term_string}"},"query-input":{"@type":"PropertyValueSpecification","valueRequired":true,"valueName":"search_term_string"}}],"inLanguage":"fr-FR"}]}},"_links":{"self":[{"href":"https:\/\/dematteis-paysagiste.com\/fr\/wp-json\/wp\/v2\/pages\/445","targetHints":{"allow":["GET"]}}],"collection":[{"href":"https:\/\/dematteis-paysagiste.com\/fr\/wp-json\/wp\/v2\/pages"}],"about":[{"href":"https:\/\/dematteis-paysagiste.com\/fr\/wp-json\/wp\/v2\/types\/page"}],"author":[{"embeddable":true,"href":"https:\/\/dematteis-paysagiste.com\/fr\/wp-json\/wp\/v2\/users\/18"}],"replies":[{"embeddable":true,"href":"https:\/\/dematteis-paysagiste.com\/fr\/wp-json\/wp\/v2\/comments?post=445"}],"version-history":[{"count":65,"href":"https:\/\/dematteis-paysagiste.com\/fr\/wp-json\/wp\/v2\/pages\/445\/revisions"}],"predecessor-version":[{"id":2081,"href":"https:\/\/dematteis-paysagiste.com\/fr\/wp-json\/wp\/v2\/pages\/445\/revisions\/2081"}],"up":[{"embeddable":true,"href":"https:\/\/dematteis-paysagiste.com\/fr\/wp-json\/wp\/v2\/pages\/12"}],"wp:featuredmedia":[{"embeddable":true,"href":"https:\/\/dematteis-paysagiste.com\/fr\/wp-json\/wp\/v2\/media\/1276"}],"wp:attachment":[{"href":"https:\/\/dematteis-paysagiste.com\/fr\/wp-json\/wp\/v2\/media?parent=445"}],"curies":[{"name":"wp","href":"https:\/\/api.w.org\/{rel}","templated":true}]}}