{"id":96,"date":"2021-03-02T10:47:45","date_gmt":"2021-03-02T09:47:45","guid":{"rendered":"https:\/\/dematteis-paysagiste.com\/?page_id=96"},"modified":"2026-04-03T11:36:45","modified_gmt":"2026-04-03T09:36:45","slug":"realisations-projets-paysagiste","status":"publish","type":"page","link":"https:\/\/dematteis-paysagiste.com\/fr\/realisations-projets-paysagiste\/","title":{"rendered":"R\u00e9alisations"},"content":{"rendered":"<p>[vc_row][vc_column][vc_column_text]D\u00e9couvrez ci-dessous quelques-uns des 200 projets d\u2019am\u00e9nagement de jardin r\u00e9alis\u00e9s dans les Alpes-Maritimes par Brigitte Dematteis.<br \/>\nDe l\u2019arri\u00e8re-pays grassois au Mont Boron \u00e0 Nice en passant par Vence, elle applique sa po\u00e9sie et sa philosophie \u00e0 la cr\u00e9ation de jardins paysagers tout en s\u2019adaptant aux contraintes impos\u00e9es par le lieu. Brigitte Dematteis <a href=\"https:\/\/dematteis-paysagiste.com\/fr\/actualites\/video\/creez-un-jardin-dexception-en-mediterranee\/\">r\u00e9alise des jardins m\u00e9diterran\u00e9ens<\/a>\u00a0sur Grasse,\u00a0<a href=\"https:\/\/dematteis-paysagiste.com\/fr\/paysagiste-antibes\/\">Antibes<\/a>,\u00a0<a href=\"https:\/\/dematteis-paysagiste.com\/fr\/portfolio\/amenagement-petit-jardin\/petit-jardin-de-ville-sur-le-mont-boron-a-nice\/\">Nice<\/a>,\u00a0<a href=\"https:\/\/dematteis-paysagiste.com\/fr\/portfolio\/amenagement-terrasse\/amenagement-terrasse-cannes\/\">Cannes<\/a>, Menton, Monaco\u2026[\/vc_column_text][\/vc_column][\/vc_row][vc_row full_width=\u00a0\u00bbstretch_row_content_no_spaces\u00a0\u00bb][vc_column]  <div class=\"wpbakery-portfolio wpbakery-portfolio-layout10\" data-items-row=\"3\">\n    \n          <div class=\"portfolio-container\">\n      \t                    <div class=\"item\">\n            <div class=\"item-container\">\n              <a href=\"https:\/\/dematteis-paysagiste.com\/fr\/portfolio\/integration-piscine\/amenagement-point-deau\/\">\n                <div class=\"picture\" style=\"background-image: url('https:\/\/dematteis-paysagiste.com\/wp-content\/uploads\/2023\/04\/amenagement-point-eau-3-scaled.jpg');\">\n                  <div class=\"info\">Am\u00e9nagement point d&rsquo;eau<\/div>\n                  <div class=\"more\"><i class=\"fa fa-search\" aria-hidden=\"true\"><\/i><\/div>\n                <\/div>\n              <\/a>\n            <\/div>\n          <\/div>\n                                      <div class=\"item\">\n            <div class=\"item-container\">\n              <a href=\"https:\/\/dematteis-paysagiste.com\/fr\/portfolio\/amenagement-grand-jardin\/paysagiste-golf\/\">\n                <div class=\"picture\" style=\"background-image: url('https:\/\/dematteis-paysagiste.com\/wp-content\/uploads\/2023\/04\/paysagiste-terre-blanche.jpg');\">\n                  <div class=\"info\">Domaine Terre Blanche dans le Var<\/div>\n                  <div class=\"more\"><i class=\"fa fa-search\" aria-hidden=\"true\"><\/i><\/div>\n                <\/div>\n              <\/a>\n            <\/div>\n          <\/div>\n                                      <div class=\"item\">\n            <div class=\"item-container\">\n              <a href=\"https:\/\/dematteis-paysagiste.com\/fr\/portfolio\/amenagement-terrasse\/amenagement-terrasse-cannes\/\">\n                <div class=\"picture\" style=\"background-image: url('https:\/\/dematteis-paysagiste.com\/wp-content\/uploads\/2023\/04\/amenagement-terrasse-cannes-3-scaled.jpg');\">\n                  <div class=\"info\">Am\u00e9nagement terrasse Cannes<\/div>\n                  <div class=\"more\"><i class=\"fa fa-search\" aria-hidden=\"true\"><\/i><\/div>\n                <\/div>\n              <\/a>\n            <\/div>\n          <\/div>\n                                      <div class=\"item\">\n            <div class=\"item-container\">\n              <a href=\"https:\/\/dematteis-paysagiste.com\/fr\/portfolio\/integration-piscine\/1549\/\">\n                <div class=\"picture\" style=\"background-image: url('https:\/\/dematteis-paysagiste.com\/wp-content\/uploads\/2023\/04\/amenagement-piscine-cabris-4.jpg');\">\n                  <div class=\"info\">Int\u00e9gration d&rsquo;une piscine \u00e0 Cabris<\/div>\n                  <div class=\"more\"><i class=\"fa fa-search\" aria-hidden=\"true\"><\/i><\/div>\n                <\/div>\n              <\/a>\n            <\/div>\n          <\/div>\n                                      <div class=\"item\">\n            <div class=\"item-container\">\n              <a href=\"https:\/\/dematteis-paysagiste.com\/fr\/portfolio\/amenagement-grand-jardin\/amenagement-grand-jardin-fayence\/\">\n                <div class=\"picture\" style=\"background-image: url('https:\/\/dematteis-paysagiste.com\/wp-content\/uploads\/2023\/04\/amenagement-jardin-fayence-5.jpg');\">\n                  <div class=\"info\">Am\u00e9nagement grand jardin Fayence<\/div>\n                  <div class=\"more\"><i class=\"fa fa-search\" aria-hidden=\"true\"><\/i><\/div>\n                <\/div>\n              <\/a>\n            <\/div>\n          <\/div>\n                                      <div class=\"item\">\n            <div class=\"item-container\">\n              <a href=\"https:\/\/dematteis-paysagiste.com\/fr\/portfolio\/amenagement-grand-jardin\/amenagement-jardin-provencal-sur-la-cote-dazur\/\">\n                <div class=\"picture\" style=\"background-image: url('https:\/\/dematteis-paysagiste.com\/wp-content\/uploads\/2023\/04\/amenagement-jardin-provencal-4.jpg');\">\n                  <div class=\"info\">Am\u00e9nagement jardin proven\u00e7al sur la c\u00f4te d&rsquo;azur<\/div>\n                  <div class=\"more\"><i class=\"fa fa-search\" aria-hidden=\"true\"><\/i><\/div>\n                <\/div>\n              <\/a>\n            <\/div>\n          <\/div>\n                                      <div class=\"item\">\n            <div class=\"item-container\">\n              <a href=\"https:\/\/dematteis-paysagiste.com\/fr\/portfolio\/amenagement-petit-jardin\/petit-jardin-a-menton\/\">\n                <div class=\"picture\" style=\"background-image: url('https:\/\/dematteis-paysagiste.com\/wp-content\/uploads\/2023\/05\/paysagiste-menton.jpg');\">\n                  <div class=\"info\">Petit jardin \u00e0 Menton<\/div>\n                  <div class=\"more\"><i class=\"fa fa-search\" aria-hidden=\"true\"><\/i><\/div>\n                <\/div>\n              <\/a>\n            <\/div>\n          <\/div>\n                                      <div class=\"item\">\n            <div class=\"item-container\">\n              <a href=\"https:\/\/dematteis-paysagiste.com\/fr\/portfolio\/amenagement-grand-jardin\/jardin-dexception-dans-larriere-pays-grassois\/\">\n                <div class=\"picture\" style=\"background-image: url('https:\/\/dematteis-paysagiste.com\/wp-content\/uploads\/2023\/04\/paysagiste-grasse.jpg');\">\n                  <div class=\"info\">Jardin d&rsquo;exception dans l&rsquo;arri\u00e8re pays grassois<\/div>\n                  <div class=\"more\"><i class=\"fa fa-search\" aria-hidden=\"true\"><\/i><\/div>\n                <\/div>\n              <\/a>\n            <\/div>\n          <\/div>\n                                      <div class=\"item\">\n            <div class=\"item-container\">\n              <a href=\"https:\/\/dematteis-paysagiste.com\/fr\/portfolio\/amenagement-grand-jardin\/amenagement-paysager-fayence\/\">\n                <div class=\"picture\" style=\"background-image: url('https:\/\/dematteis-paysagiste.com\/wp-content\/uploads\/2023\/04\/paysagiste-fayence.jpg');\">\n                  <div class=\"info\">Am\u00e9nagement paysager d&rsquo;un vieux mas sur Fayence<\/div>\n                  <div class=\"more\"><i class=\"fa fa-search\" aria-hidden=\"true\"><\/i><\/div>\n                <\/div>\n              <\/a>\n            <\/div>\n          <\/div>\n                                      <div class=\"item\">\n            <div class=\"item-container\">\n              <a href=\"https:\/\/dematteis-paysagiste.com\/fr\/portfolio\/amenagement-petit-jardin\/petit-jardin-de-ville-sur-le-mont-boron-a-nice\/\">\n                <div class=\"picture\" style=\"background-image: url('https:\/\/dematteis-paysagiste.com\/wp-content\/uploads\/2023\/04\/amenagement-paysagist-nice-3.jpg');\">\n                  <div class=\"info\">Petit jardin de ville sur le Mont Boron \u00e0 Nice<\/div>\n                  <div class=\"more\"><i class=\"fa fa-search\" aria-hidden=\"true\"><\/i><\/div>\n                <\/div>\n              <\/a>\n            <\/div>\n          <\/div>\n                                      <div class=\"item\">\n            <div class=\"item-container\">\n              <a href=\"https:\/\/dematteis-paysagiste.com\/fr\/portfolio\/amenagement-petit-jardin\/pharmacie-de-cabris\/\">\n                <div class=\"picture\" style=\"background-image: url('https:\/\/dematteis-paysagiste.com\/wp-content\/uploads\/2021\/03\/cabris-amenegament-paysagiste.jpg');\">\n                  <div class=\"info\">Pharmacie de Cabris<\/div>\n                  <div class=\"more\"><i class=\"fa fa-search\" aria-hidden=\"true\"><\/i><\/div>\n                <\/div>\n              <\/a>\n            <\/div>\n          <\/div>\n                                      <div class=\"item\">\n            <div class=\"item-container\">\n              <a href=\"https:\/\/dematteis-paysagiste.com\/fr\/portfolio\/amenagement-terrasse\/creation-dun-jardin-mineral\/\">\n                <div class=\"picture\" style=\"background-image: url('https:\/\/dematteis-paysagiste.com\/wp-content\/uploads\/2023\/04\/creation-jardin-mineral.jpg');\">\n                  <div class=\"info\">Cr\u00e9ation d&rsquo;un jardin min\u00e9ral<\/div>\n                  <div class=\"more\"><i class=\"fa fa-search\" aria-hidden=\"true\"><\/i><\/div>\n                <\/div>\n              <\/a>\n            <\/div>\n          <\/div>\n                        <\/div>\n\n              <div class=\"pagination\">\n                  <\/div>\n            <\/div>\n  <div class=\"empty-space empty-space-mobile\" style=\"height: 20px;\"><\/div>\n\n  <div class=\"empty-space empty-space-tablet\" style=\"height: 40px;\"><\/div>\n\n  <div class=\"empty-space empty-space-desktop\" style=\"height: 80px;\"><\/div>\n[\/vc_column][\/vc_row]<\/p>\n","protected":false},"excerpt":{"rendered":"<p>[vc_row][vc_column][vc_column_text]D\u00e9couvrez ci-dessous quelques-uns des 200 projets d\u2019am\u00e9nagement de jardin r\u00e9alis\u00e9s dans les Alpes-Maritimes par Brigitte Dematteis. De l\u2019arri\u00e8re-pays grassois au [&hellip;]<\/p>\n","protected":false},"author":20,"featured_media":673,"parent":0,"menu_order":0,"comment_status":"closed","ping_status":"closed","template":"","meta":{"footnotes":""},"class_list":["post-96","page","type-page","status-publish","has-post-thumbnail","hentry"],"yoast_head":"<!-- This site is optimized with the Yoast SEO plugin v27.3 - https:\/\/yoast.com\/product\/yoast-seo-wordpress\/ -->\n<title>R\u00e9alisations - Brigitte Dematteis<\/title>\n<meta name=\"robots\" content=\"index, follow, max-snippet:-1, max-image-preview:large, max-video-preview:-1\" \/>\n<link rel=\"canonical\" href=\"https:\/\/dematteis-paysagiste.com\/fr\/realisations-projets-paysagiste\/\" \/>\n<meta property=\"og:locale\" content=\"fr_FR\" \/>\n<meta property=\"og:type\" content=\"article\" \/>\n<meta property=\"og:title\" content=\"R\u00e9alisations - Brigitte Dematteis\" \/>\n<meta property=\"og:description\" content=\"[vc_row][vc_column][vc_column_text]D\u00e9couvrez ci-dessous quelques-uns des 200 projets d\u2019am\u00e9nagement de jardin r\u00e9alis\u00e9s dans les Alpes-Maritimes par Brigitte Dematteis. De l\u2019arri\u00e8re-pays grassois au [&hellip;]\" \/>\n<meta property=\"og:url\" content=\"https:\/\/dematteis-paysagiste.com\/fr\/realisations-projets-paysagiste\/\" \/>\n<meta property=\"og:site_name\" content=\"Brigitte Dematteis\" \/>\n<meta property=\"article:modified_time\" content=\"2026-04-03T09:36:45+00:00\" \/>\n<meta property=\"og:image\" content=\"https:\/\/dematteis-paysagiste.com\/wp-content\/uploads\/2023\/04\/amenagement-jardin-fayence-8-1024x768.jpg\" \/>\n\t<meta property=\"og:image:width\" content=\"1024\" \/>\n\t<meta property=\"og:image:height\" content=\"768\" \/>\n\t<meta property=\"og:image:type\" content=\"image\/jpeg\" \/>\n<meta name=\"twitter:card\" content=\"summary_large_image\" \/>\n<meta name=\"twitter:label1\" content=\"Dur\u00e9e de lecture estim\u00e9e\" \/>\n\t<meta name=\"twitter:data1\" content=\"1 minute\" \/>\n<script type=\"application\/ld+json\" class=\"yoast-schema-graph\">{\"@context\":\"https:\\\/\\\/schema.org\",\"@graph\":[{\"@type\":\"WebPage\",\"@id\":\"https:\\\/\\\/dematteis-paysagiste.com\\\/fr\\\/realisations-projets-paysagiste\\\/\",\"url\":\"https:\\\/\\\/dematteis-paysagiste.com\\\/fr\\\/realisations-projets-paysagiste\\\/\",\"name\":\"R\u00e9alisations - Brigitte Dematteis\",\"isPartOf\":{\"@id\":\"https:\\\/\\\/dematteis-paysagiste.com\\\/fr\\\/#website\"},\"primaryImageOfPage\":{\"@id\":\"https:\\\/\\\/dematteis-paysagiste.com\\\/fr\\\/realisations-projets-paysagiste\\\/#primaryimage\"},\"image\":{\"@id\":\"https:\\\/\\\/dematteis-paysagiste.com\\\/fr\\\/realisations-projets-paysagiste\\\/#primaryimage\"},\"thumbnailUrl\":\"https:\\\/\\\/dematteis-paysagiste.com\\\/wp-content\\\/uploads\\\/2023\\\/04\\\/amenagement-jardin-fayence-8.jpg\",\"datePublished\":\"2021-03-02T09:47:45+00:00\",\"dateModified\":\"2026-04-03T09:36:45+00:00\",\"breadcrumb\":{\"@id\":\"https:\\\/\\\/dematteis-paysagiste.com\\\/fr\\\/realisations-projets-paysagiste\\\/#breadcrumb\"},\"inLanguage\":\"fr-FR\",\"potentialAction\":[{\"@type\":\"ReadAction\",\"target\":[\"https:\\\/\\\/dematteis-paysagiste.com\\\/fr\\\/realisations-projets-paysagiste\\\/\"]}]},{\"@type\":\"ImageObject\",\"inLanguage\":\"fr-FR\",\"@id\":\"https:\\\/\\\/dematteis-paysagiste.com\\\/fr\\\/realisations-projets-paysagiste\\\/#primaryimage\",\"url\":\"https:\\\/\\\/dematteis-paysagiste.com\\\/wp-content\\\/uploads\\\/2023\\\/04\\\/amenagement-jardin-fayence-8.jpg\",\"contentUrl\":\"https:\\\/\\\/dematteis-paysagiste.com\\\/wp-content\\\/uploads\\\/2023\\\/04\\\/amenagement-jardin-fayence-8.jpg\",\"width\":1920,\"height\":1440,\"caption\":\"am\u00e9nagement jardin fayence\"},{\"@type\":\"BreadcrumbList\",\"@id\":\"https:\\\/\\\/dematteis-paysagiste.com\\\/fr\\\/realisations-projets-paysagiste\\\/#breadcrumb\",\"itemListElement\":[{\"@type\":\"ListItem\",\"position\":1,\"name\":\"R\u00e9alisations\",\"item\":\"https:\\\/\\\/dematteis-paysagiste.com\\\/fr\\\/realisations-projets-paysagiste\\\/\"},{\"@type\":\"ListItem\",\"position\":2,\"name\":\"R\u00e9alisations\",\"item\":\"https:\\\/\\\/dematteis-paysagiste.com\\\/fr\\\/realisations-projets-paysagiste\\\/\"},{\"@type\":\"ListItem\",\"position\":3,\"name\":\"Am\u00e9nagement de terrasse\"}]},{\"@type\":\"WebSite\",\"@id\":\"https:\\\/\\\/dematteis-paysagiste.com\\\/fr\\\/#website\",\"url\":\"https:\\\/\\\/dematteis-paysagiste.com\\\/fr\\\/\",\"name\":\"Brigitte Dematteis\",\"description\":\"\",\"potentialAction\":[{\"@type\":\"SearchAction\",\"target\":{\"@type\":\"EntryPoint\",\"urlTemplate\":\"https:\\\/\\\/dematteis-paysagiste.com\\\/fr\\\/?s={search_term_string}\"},\"query-input\":{\"@type\":\"PropertyValueSpecification\",\"valueRequired\":true,\"valueName\":\"search_term_string\"}}],\"inLanguage\":\"fr-FR\"}]}<\/script>\n<!-- \/ Yoast SEO plugin. -->","yoast_head_json":{"title":"R\u00e9alisations - Brigitte Dematteis","robots":{"index":"index","follow":"follow","max-snippet":"max-snippet:-1","max-image-preview":"max-image-preview:large","max-video-preview":"max-video-preview:-1"},"canonical":"https:\/\/dematteis-paysagiste.com\/fr\/realisations-projets-paysagiste\/","og_locale":"fr_FR","og_type":"article","og_title":"R\u00e9alisations - Brigitte Dematteis","og_description":"[vc_row][vc_column][vc_column_text]D\u00e9couvrez ci-dessous quelques-uns des 200 projets d\u2019am\u00e9nagement de jardin r\u00e9alis\u00e9s dans les Alpes-Maritimes par Brigitte Dematteis. De l\u2019arri\u00e8re-pays grassois au [&hellip;]","og_url":"https:\/\/dematteis-paysagiste.com\/fr\/realisations-projets-paysagiste\/","og_site_name":"Brigitte Dematteis","article_modified_time":"2026-04-03T09:36:45+00:00","og_image":[{"width":1024,"height":768,"url":"https:\/\/dematteis-paysagiste.com\/wp-content\/uploads\/2023\/04\/amenagement-jardin-fayence-8-1024x768.jpg","type":"image\/jpeg"}],"twitter_card":"summary_large_image","twitter_misc":{"Dur\u00e9e de lecture estim\u00e9e":"1 minute"},"schema":{"@context":"https:\/\/schema.org","@graph":[{"@type":"WebPage","@id":"https:\/\/dematteis-paysagiste.com\/fr\/realisations-projets-paysagiste\/","url":"https:\/\/dematteis-paysagiste.com\/fr\/realisations-projets-paysagiste\/","name":"R\u00e9alisations - Brigitte Dematteis","isPartOf":{"@id":"https:\/\/dematteis-paysagiste.com\/fr\/#website"},"primaryImageOfPage":{"@id":"https:\/\/dematteis-paysagiste.com\/fr\/realisations-projets-paysagiste\/#primaryimage"},"image":{"@id":"https:\/\/dematteis-paysagiste.com\/fr\/realisations-projets-paysagiste\/#primaryimage"},"thumbnailUrl":"https:\/\/dematteis-paysagiste.com\/wp-content\/uploads\/2023\/04\/amenagement-jardin-fayence-8.jpg","datePublished":"2021-03-02T09:47:45+00:00","dateModified":"2026-04-03T09:36:45+00:00","breadcrumb":{"@id":"https:\/\/dematteis-paysagiste.com\/fr\/realisations-projets-paysagiste\/#breadcrumb"},"inLanguage":"fr-FR","potentialAction":[{"@type":"ReadAction","target":["https:\/\/dematteis-paysagiste.com\/fr\/realisations-projets-paysagiste\/"]}]},{"@type":"ImageObject","inLanguage":"fr-FR","@id":"https:\/\/dematteis-paysagiste.com\/fr\/realisations-projets-paysagiste\/#primaryimage","url":"https:\/\/dematteis-paysagiste.com\/wp-content\/uploads\/2023\/04\/amenagement-jardin-fayence-8.jpg","contentUrl":"https:\/\/dematteis-paysagiste.com\/wp-content\/uploads\/2023\/04\/amenagement-jardin-fayence-8.jpg","width":1920,"height":1440,"caption":"am\u00e9nagement jardin fayence"},{"@type":"BreadcrumbList","@id":"https:\/\/dematteis-paysagiste.com\/fr\/realisations-projets-paysagiste\/#breadcrumb","itemListElement":[{"@type":"ListItem","position":1,"name":"R\u00e9alisations","item":"https:\/\/dematteis-paysagiste.com\/fr\/realisations-projets-paysagiste\/"},{"@type":"ListItem","position":2,"name":"R\u00e9alisations","item":"https:\/\/dematteis-paysagiste.com\/fr\/realisations-projets-paysagiste\/"},{"@type":"ListItem","position":3,"name":"Am\u00e9nagement de terrasse"}]},{"@type":"WebSite","@id":"https:\/\/dematteis-paysagiste.com\/fr\/#website","url":"https:\/\/dematteis-paysagiste.com\/fr\/","name":"Brigitte Dematteis","description":"","potentialAction":[{"@type":"SearchAction","target":{"@type":"EntryPoint","urlTemplate":"https:\/\/dematteis-paysagiste.com\/fr\/?s={search_term_string}"},"query-input":{"@type":"PropertyValueSpecification","valueRequired":true,"valueName":"search_term_string"}}],"inLanguage":"fr-FR"}]}},"_links":{"self":[{"href":"https:\/\/dematteis-paysagiste.com\/fr\/wp-json\/wp\/v2\/pages\/96","targetHints":{"allow":["GET"]}}],"collection":[{"href":"https:\/\/dematteis-paysagiste.com\/fr\/wp-json\/wp\/v2\/pages"}],"about":[{"href":"https:\/\/dematteis-paysagiste.com\/fr\/wp-json\/wp\/v2\/types\/page"}],"author":[{"embeddable":true,"href":"https:\/\/dematteis-paysagiste.com\/fr\/wp-json\/wp\/v2\/users\/20"}],"replies":[{"embeddable":true,"href":"https:\/\/dematteis-paysagiste.com\/fr\/wp-json\/wp\/v2\/comments?post=96"}],"version-history":[{"count":24,"href":"https:\/\/dematteis-paysagiste.com\/fr\/wp-json\/wp\/v2\/pages\/96\/revisions"}],"predecessor-version":[{"id":2531,"href":"https:\/\/dematteis-paysagiste.com\/fr\/wp-json\/wp\/v2\/pages\/96\/revisions\/2531"}],"wp:featuredmedia":[{"embeddable":true,"href":"https:\/\/dematteis-paysagiste.com\/fr\/wp-json\/wp\/v2\/media\/673"}],"wp:attachment":[{"href":"https:\/\/dematteis-paysagiste.com\/fr\/wp-json\/wp\/v2\/media?parent=96"}],"curies":[{"name":"wp","href":"https:\/\/api.w.org\/{rel}","templated":true}]}}